{"id":3072,"date":"2023-05-31T16:55:04","date_gmt":"2023-05-31T14:55:04","guid":{"rendered":"https:\/\/easy-logistic.fr\/?page_id=3072"},"modified":"2023-07-28T14:25:54","modified_gmt":"2023-07-28T12:25:54","slug":"automatisation","status":"publish","type":"page","link":"https:\/\/www.prestaconnect.fr\/fr\/fonctionnalites\/automatisation\/","title":{"rendered":"Automatisation"},"content":{"rendered":"\t\t<div data-elementor-type=\"wp-page\" data-elementor-id=\"3072\" class=\"elementor elementor-3072\" data-elementor-post-type=\"page\">\n\t\t\t\t<div class=\"elementor-element elementor-element-6c27fa47 e-con-full e-flex e-con e-parent\" data-id=\"6c27fa47\" data-element_type=\"container\" data-e-type=\"container\" data-settings=\"{&quot;background_background&quot;:&quot;classic&quot;}\">\n\t\t\t\t<div class=\"elementor-element elementor-element-4a9590e0 elementor-widget elementor-widget-image\" data-id=\"4a9590e0\" data-element_type=\"widget\" data-e-type=\"widget\" data-widget_type=\"image.default\">\n\t\t\t\t<div class=\"elementor-widget-container\">\n\t\t\t\t\t\t\t\t\t\t\t\t\t\t\t<img decoding=\"async\" src=\"https:\/\/www.prestaconnect.fr\/wp-content\/uploads\/elementor\/thumbs\/sync-q9p2l8mewvm9olrbftb2t8bas5ccks9vmzjs0dsbq4.png\" title=\"sync\" alt=\"sync\" loading=\"lazy\" \/>\t\t\t\t\t\t\t\t\t\t\t\t\t\t\t<\/div>\n\t\t\t\t<\/div>\n\t\t\t\t<div class=\"elementor-element elementor-element-2b2b3ff7 elementor-widget elementor-widget-heading\" data-id=\"2b2b3ff7\" data-element_type=\"widget\" data-e-type=\"widget\" data-widget_type=\"heading.default\">\n\t\t\t\t<div class=\"elementor-widget-container\">\n\t\t\t\t\t<h1 class=\"elementor-heading-title elementor-size-default\">Gestion automatis\u00e9e Sage 100c et Prestashop - Prestaconnect<\/h1>\t\t\t\t<\/div>\n\t\t\t\t<\/div>\n\t\t\t\t<\/div>\n\t\t<div class=\"elementor-element elementor-element-2663e540 e-flex e-con-boxed e-con e-parent\" data-id=\"2663e540\" data-element_type=\"container\" data-e-type=\"container\">\n\t\t\t\t\t<div class=\"e-con-inner\">\n\t\t<div class=\"elementor-element elementor-element-56c604db e-flex e-con-boxed e-con e-parent\" data-id=\"56c604db\" data-element_type=\"container\" data-e-type=\"container\">\n\t\t\t\t\t<div class=\"e-con-inner\">\n\t\t\t\t<div class=\"elementor-element elementor-element-43e854b0 elementor-widget elementor-widget-heading\" data-id=\"43e854b0\" data-element_type=\"widget\" data-e-type=\"widget\" data-widget_type=\"heading.default\">\n\t\t\t\t<div class=\"elementor-widget-container\">\n\t\t\t\t\t<h2 class=\"elementor-heading-title elementor-size-default\">Le connecteur <span class=\"sage\">Sage 100cloud<\/span> - Prestashop : Simplifiez la gestion avec l'automatisation des mises \u00e0 jour<\/h2>\t\t\t\t<\/div>\n\t\t\t\t<\/div>\n\t\t\t\t\t<\/div>\n\t\t\t\t<\/div>\n\t\t<div class=\"elementor-element elementor-element-7da98f21 e-con-full e-flex e-con e-parent\" data-id=\"7da98f21\" data-element_type=\"container\" data-e-type=\"container\">\n\t\t\t\t<div class=\"elementor-element elementor-element-41593fa1 elementor-widget-divider--view-line elementor-widget elementor-widget-divider\" data-id=\"41593fa1\" data-element_type=\"widget\" data-e-type=\"widget\" data-widget_type=\"divider.default\">\n\t\t\t\t<div class=\"elementor-widget-container\">\n\t\t\t\t\t\t\t<div class=\"elementor-divider\">\n\t\t\t<span class=\"elementor-divider-separator\">\n\t\t\t\t\t\t<\/span>\n\t\t<\/div>\n\t\t\t\t\t\t<\/div>\n\t\t\t\t<\/div>\n\t\t\t\t<\/div>\n\t\t\t\t\t<\/div>\n\t\t\t\t<\/div>\n\t\t<div class=\"elementor-element elementor-element-5e460701 e-flex e-con-boxed e-con e-parent\" data-id=\"5e460701\" data-element_type=\"container\" data-e-type=\"container\">\n\t\t\t\t\t<div class=\"e-con-inner\">\n\t\t<div class=\"elementor-element elementor-element-643e6a92 e-con-full e-flex e-con e-parent\" data-id=\"643e6a92\" data-element_type=\"container\" data-e-type=\"container\">\n\t\t\t\t<div class=\"elementor-element elementor-element-4c384f61 elementor-widget elementor-widget-text-editor\" data-id=\"4c384f61\" data-element_type=\"widget\" data-e-type=\"widget\" data-widget_type=\"text-editor.default\">\n\t\t\t\t<div class=\"elementor-widget-container\">\n\t\t\t\t\t\t\t\t\t<p>Avec Prestaconnect, b\u00e9n\u00e9ficiez d&rsquo;une gestion simplifi\u00e9e gr\u00e2ce \u00e0 l&rsquo;automatisation des mises \u00e0 jour. Notre puissant connecteur Sage 100cloud &#8211; Prestashop offre une solution efficace pour mettre \u00e0 jour votre site et r\u00e9cup\u00e9rer vos commandes en un temps record. Mais ce n&rsquo;est pas tout ! Une grande partie de ses fonctionnalit\u00e9s peut \u00eatre automatis\u00e9e, vous permettant de gagner encore plus de temps.<\/p>\t\t\t\t\t\t\t\t<\/div>\n\t\t\t\t<\/div>\n\t\t\t\t<div class=\"elementor-element elementor-element-b91402a elementor-widget elementor-widget-image\" data-id=\"b91402a\" data-element_type=\"widget\" data-e-type=\"widget\" data-widget_type=\"image.default\">\n\t\t\t\t<div class=\"elementor-widget-container\">\n\t\t\t\t\t\t\t\t\t\t\t\t\t\t\t<img fetchpriority=\"high\" decoding=\"async\" width=\"768\" height=\"565\" src=\"https:\/\/www.prestaconnect.fr\/wp-content\/uploads\/2023\/07\/Illustration-8-768x565.png\" class=\"attachment-medium_large size-medium_large wp-image-4075\" alt=\"\" srcset=\"https:\/\/www.prestaconnect.fr\/wp-content\/uploads\/2023\/07\/Illustration-8-768x565.png 768w, https:\/\/www.prestaconnect.fr\/wp-content\/uploads\/2023\/07\/Illustration-8-300x221.png 300w, https:\/\/www.prestaconnect.fr\/wp-content\/uploads\/2023\/07\/Illustration-8-1024x754.png 1024w, https:\/\/www.prestaconnect.fr\/wp-content\/uploads\/2023\/07\/Illustration-8-1536x1131.png 1536w, https:\/\/www.prestaconnect.fr\/wp-content\/uploads\/2023\/07\/Illustration-8-2048x1507.png 2048w, https:\/\/www.prestaconnect.fr\/wp-content\/uploads\/2023\/07\/Illustration-8-16x12.png 16w\" sizes=\"(max-width: 768px) 100vw, 768px\" \/>\t\t\t\t\t\t\t\t\t\t\t\t\t\t\t<\/div>\n\t\t\t\t<\/div>\n\t\t\t\t<div class=\"elementor-element elementor-element-6b4b679 elementor-widget elementor-widget-heading\" data-id=\"6b4b679\" data-element_type=\"widget\" data-e-type=\"widget\" data-widget_type=\"heading.default\">\n\t\t\t\t<div class=\"elementor-widget-container\">\n\t\t\t\t\t<h3 class=\"elementor-heading-title elementor-size-default\">Automatisez vos synchronisations<\/h3>\t\t\t\t<\/div>\n\t\t\t\t<\/div>\n\t\t\t\t<div class=\"elementor-element elementor-element-d79604e elementor-widget elementor-widget-text-editor\" data-id=\"d79604e\" data-element_type=\"widget\" data-e-type=\"widget\" data-widget_type=\"text-editor.default\">\n\t\t\t\t<div class=\"elementor-widget-container\">\n\t\t\t\t\t\t\t\t\t<p>Configurez simplement votre serveur pour lancer les synchronisations selon vos besoins et \u00e0 votre convenance. Les possibilit\u00e9s d&rsquo;automatisation sont vastes. Prestaconnect vous permet d&rsquo;automatiser la synchronisation des nouveaux clients et des adresses de livraison de vos\u00a0<a href=\"https:\/\/www.prestaconnect.fr\/fr\/fonctionnalites\/clients\/\" target=\"_blank\" rel=\"noopener\">clients<\/a>. Vous pouvez \u00e9galement automatiser la mise \u00e0 jour des fournisseurs, familles de gammes,\u00a0<a href=\"https:\/\/www.prestaconnect.fr\/fr\/fonctionnalites\/catalogues\/\" target=\"_blank\" rel=\"noopener\">catalogues<\/a>,\u00a0<a href=\"https:\/\/www.prestaconnect.fr\/fr\/fonctionnalites\/articles\/\" target=\"_blank\" rel=\"noopener\">articles<\/a>,\u00a0<a href=\"https:\/\/www.prestaconnect.fr\/fr\/fonctionnalites\/gammes\/\" target=\"_blank\" rel=\"noopener\">gammes<\/a>, prix, stocks, images, etc.<\/p>\t\t\t\t\t\t\t\t<\/div>\n\t\t\t\t<\/div>\n\t\t<div class=\"elementor-element elementor-element-71e476c e-flex e-con-boxed e-con e-parent\" data-id=\"71e476c\" data-element_type=\"container\" data-e-type=\"container\">\n\t\t\t\t\t<div class=\"e-con-inner\">\n\t\t<div class=\"elementor-element elementor-element-265eaca e-flex e-con-boxed e-con e-parent\" data-id=\"265eaca\" data-element_type=\"container\" data-e-type=\"container\">\n\t\t\t\t\t<div class=\"e-con-inner\">\n\t\t\t\t<div class=\"elementor-element elementor-element-e3178f3 elementor-widget elementor-widget-heading\" data-id=\"e3178f3\" data-element_type=\"widget\" data-e-type=\"widget\" data-widget_type=\"heading.default\">\n\t\t\t\t<div class=\"elementor-widget-container\">\n\t\t\t\t\t<h3 class=\"elementor-heading-title elementor-size-default\">Simplifiez la gestion des commandes<\/h3>\t\t\t\t<\/div>\n\t\t\t\t<\/div>\n\t\t\t\t<div class=\"elementor-element elementor-element-92a0d3c elementor-widget elementor-widget-text-editor\" data-id=\"92a0d3c\" data-element_type=\"widget\" data-e-type=\"widget\" data-widget_type=\"text-editor.default\">\n\t\t\t\t<div class=\"elementor-widget-container\">\n\t\t\t\t\t\t\t\t\t<p>En outre, Prestaconnect offre l&rsquo;automatisation de la synchronisation des commandes et des paiements de votre site e-commerce vers votre environnement Sage. Vous pouvez \u00e9galement automatiser la mise \u00e0 jour des informations clients, de leurs adresses de livraison, ainsi que des documents.<\/p>\t\t\t\t\t\t\t\t<\/div>\n\t\t\t\t<\/div>\n\t\t\t\t<div class=\"elementor-element elementor-element-63c66ec elementor-widget elementor-widget-heading\" data-id=\"63c66ec\" data-element_type=\"widget\" data-e-type=\"widget\" data-widget_type=\"heading.default\">\n\t\t\t\t<div class=\"elementor-widget-container\">\n\t\t\t\t\t<h3 class=\"elementor-heading-title elementor-size-default\">Envoi automatique des factures<\/h3>\t\t\t\t<\/div>\n\t\t\t\t<\/div>\n\t\t\t\t<div class=\"elementor-element elementor-element-f1fbc2d elementor-widget elementor-widget-text-editor\" data-id=\"f1fbc2d\" data-element_type=\"widget\" data-e-type=\"widget\" data-widget_type=\"text-editor.default\">\n\t\t\t\t<div class=\"elementor-widget-container\">\n\t\t\t\t\t\t\t\t\t<p>Enfin, notre connecteur assure l&rsquo;envoi automatique des factures Sage vers les espaces clients correspondants sur Prestashop.<\/p>\t\t\t\t\t\t\t\t<\/div>\n\t\t\t\t<\/div>\n\t\t\t\t\t<\/div>\n\t\t\t\t<\/div>\n\t\t\t\t<div class=\"elementor-element elementor-element-b154445 elementor-widget elementor-widget-image\" data-id=\"b154445\" data-element_type=\"widget\" data-e-type=\"widget\" data-widget_type=\"image.default\">\n\t\t\t\t<div class=\"elementor-widget-container\">\n\t\t\t\t\t\t\t\t\t\t\t\t\t\t\t<img decoding=\"async\" width=\"1024\" height=\"683\" src=\"https:\/\/www.prestaconnect.fr\/wp-content\/uploads\/2023\/07\/Illustration-10-1024x683.png\" class=\"attachment-large size-large wp-image-4077\" alt=\"\" srcset=\"https:\/\/www.prestaconnect.fr\/wp-content\/uploads\/2023\/07\/Illustration-10-1024x683.png 1024w, https:\/\/www.prestaconnect.fr\/wp-content\/uploads\/2023\/07\/Illustration-10-300x200.png 300w, https:\/\/www.prestaconnect.fr\/wp-content\/uploads\/2023\/07\/Illustration-10-768x512.png 768w, https:\/\/www.prestaconnect.fr\/wp-content\/uploads\/2023\/07\/Illustration-10-1536x1024.png 1536w, https:\/\/www.prestaconnect.fr\/wp-content\/uploads\/2023\/07\/Illustration-10-2048x1365.png 2048w, https:\/\/www.prestaconnect.fr\/wp-content\/uploads\/2023\/07\/Illustration-10-18x12.png 18w, https:\/\/www.prestaconnect.fr\/wp-content\/uploads\/2023\/07\/Illustration-10-930x620.png 930w\" sizes=\"(max-width: 1024px) 100vw, 1024px\" \/>\t\t\t\t\t\t\t\t\t\t\t\t\t\t\t<\/div>\n\t\t\t\t<\/div>\n\t\t\t\t\t<\/div>\n\t\t\t\t<\/div>\n\t\t\t\t<div class=\"elementor-element elementor-element-dd5c993 elementor-widget elementor-widget-text-editor\" data-id=\"dd5c993\" data-element_type=\"widget\" data-e-type=\"widget\" data-widget_type=\"text-editor.default\">\n\t\t\t\t<div class=\"elementor-widget-container\">\n\t\t\t\t\t\t\t\t\t<div class=\"group w-full text-gray-800 dark:text-gray-100 border-b border-black\/10 dark:border-gray-900\/50 bg-gray-50 dark:bg-[#444654]\"><div class=\"flex p-4 gap-4 text-base md:gap-6 md:max-w-2xl lg:max-w-[38rem] xl:max-w-3xl md:py-6 lg:px-0 m-auto\"><div class=\"relative flex w-[calc(100%-50px)] flex-col gap-1 md:gap-3 lg:w-[calc(100%-115px)]\"><div class=\"flex flex-grow flex-col gap-3\"><div class=\"min-h-[20px] flex items-start overflow-x-auto whitespace-pre-wrap break-words flex-col gap-4\"><div class=\"markdown prose w-full break-words dark:prose-invert light\"><p>Prestaconnect vous offre une gestion fluide et sans tracas, lib\u00e9rant votre \u00e9quipe des t\u00e2ches r\u00e9p\u00e9titives pour se concentrer sur des activit\u00e9s \u00e0 plus forte valeur ajout\u00e9e. Gr\u00e2ce \u00e0 l&rsquo;automatisation, simplifiez vos processus et am\u00e9liorez l&rsquo;efficacit\u00e9 de votre entreprise. Laissez Prestaconnect travailler pour vous, et profitez de tous ses avantages pour une gestion optimale de votre activit\u00e9 en ligne.<\/p><\/div><\/div><\/div><\/div><\/div><\/div>\t\t\t\t\t\t\t\t<\/div>\n\t\t\t\t<\/div>\n\t\t\t\t<div class=\"elementor-element elementor-element-c118ca3 elementor-align-center elementor-widget elementor-widget-button\" data-id=\"c118ca3\" data-element_type=\"widget\" data-e-type=\"widget\" data-widget_type=\"button.default\">\n\t\t\t\t<div class=\"elementor-widget-container\">\n\t\t\t\t\t\t\t\t\t<div class=\"elementor-button-wrapper\">\n\t\t\t\t\t<a class=\"elementor-button elementor-button-link elementor-size-lg\" href=\"https:\/\/www.prestaconnect.fr\/#contact-alternetis\">\n\t\t\t\t\t\t<span class=\"elementor-button-content-wrapper\">\n\t\t\t\t\t\t\t\t\t<span class=\"elementor-button-text\">Nous contacter<\/span>\n\t\t\t\t\t<\/span>\n\t\t\t\t\t<\/a>\n\t\t\t\t<\/div>\n\t\t\t\t\t\t\t\t<\/div>\n\t\t\t\t<\/div>\n\t\t\t\t<\/div>\n\t\t\t\t\t<\/div>\n\t\t\t\t<\/div>\n\t\t\t\t<\/div>\n\t\t","protected":false},"excerpt":{"rendered":"<p>Gestion automatis\u00e9e Sage 100c et Prestashop &#8211; Prestaconnect Le connecteur Sage 100cloud &#8211; Prestashop : Simplifiez la gestion avec l&rsquo;automatisation des mises \u00e0 jour Avec Prestaconnect, b\u00e9n\u00e9ficiez d&rsquo;une gestion simplifi\u00e9e gr\u00e2ce \u00e0 l&rsquo;automatisation des mises \u00e0 jour. Notre puissant connecteur Sage 100cloud &#8211; Prestashop offre une solution efficace pour mettre \u00e0 jour votre site et&hellip;&nbsp;<a href=\"https:\/\/www.prestaconnect.fr\/fr\/fonctionnalites\/automatisation\/\" class=\"\" rel=\"bookmark\">Lire la suite &raquo;<span class=\"screen-reader-text\">Automatisation<\/span><\/a><\/p>\n","protected":false},"author":2,"featured_media":0,"parent":1472,"menu_order":0,"comment_status":"closed","ping_status":"closed","template":"elementor_header_footer","meta":{"inline_featured_image":false,"_monsterinsights_skip_tracking":false,"_monsterinsights_sitenote_active":false,"_monsterinsights_sitenote_note":"","_monsterinsights_sitenote_category":0,"neve_meta_sidebar":"","neve_meta_container":"","neve_meta_enable_content_width":"","neve_meta_content_width":0,"neve_meta_title_alignment":"","neve_meta_author_avatar":"","neve_post_elements_order":"","neve_meta_disable_header":"","neve_meta_disable_footer":"","neve_meta_disable_title":"","footnotes":""},"class_list":["post-3072","page","type-page","status-publish","hentry"],"aioseo_notices":[],"_links":{"self":[{"href":"https:\/\/www.prestaconnect.fr\/fr\/wp-json\/wp\/v2\/pages\/3072","targetHints":{"allow":["GET"]}}],"collection":[{"href":"https:\/\/www.prestaconnect.fr\/fr\/wp-json\/wp\/v2\/pages"}],"about":[{"href":"https:\/\/www.prestaconnect.fr\/fr\/wp-json\/wp\/v2\/types\/page"}],"author":[{"embeddable":true,"href":"https:\/\/www.prestaconnect.fr\/fr\/wp-json\/wp\/v2\/users\/2"}],"replies":[{"embeddable":true,"href":"https:\/\/www.prestaconnect.fr\/fr\/wp-json\/wp\/v2\/comments?post=3072"}],"version-history":[{"count":50,"href":"https:\/\/www.prestaconnect.fr\/fr\/wp-json\/wp\/v2\/pages\/3072\/revisions"}],"predecessor-version":[{"id":4193,"href":"https:\/\/www.prestaconnect.fr\/fr\/wp-json\/wp\/v2\/pages\/3072\/revisions\/4193"}],"up":[{"embeddable":true,"href":"https:\/\/www.prestaconnect.fr\/fr\/wp-json\/wp\/v2\/pages\/1472"}],"wp:attachment":[{"href":"https:\/\/www.prestaconnect.fr\/fr\/wp-json\/wp\/v2\/media?parent=3072"}],"curies":[{"name":"wp","href":"https:\/\/api.w.org\/{rel}","templated":true}]}}