{"id":3067,"date":"2023-05-31T16:53:05","date_gmt":"2023-05-31T14:53:05","guid":{"rendered":"https:\/\/easy-logistic.fr\/?page_id=3067"},"modified":"2023-07-28T14:24:35","modified_gmt":"2023-07-28T12:24:35","slug":"personnalisation","status":"publish","type":"page","link":"https:\/\/www.prestaconnect.fr\/fr\/fonctionnalites\/personnalisation\/","title":{"rendered":"Personnalisation"},"content":{"rendered":"\t\t<div data-elementor-type=\"wp-page\" data-elementor-id=\"3067\" class=\"elementor elementor-3067\" data-elementor-post-type=\"page\">\n\t\t\t\t<div class=\"elementor-element elementor-element-6c27fa47 e-con-full e-flex e-con e-parent\" data-id=\"6c27fa47\" data-element_type=\"container\" data-e-type=\"container\" data-settings=\"{&quot;background_background&quot;:&quot;classic&quot;}\">\n\t\t\t\t<div class=\"elementor-element elementor-element-4a9590e0 elementor-widget elementor-widget-image\" data-id=\"4a9590e0\" data-element_type=\"widget\" data-e-type=\"widget\" data-widget_type=\"image.default\">\n\t\t\t\t<div class=\"elementor-widget-container\">\n\t\t\t\t\t\t\t\t\t\t\t\t\t\t\t<img decoding=\"async\" src=\"https:\/\/www.prestaconnect.fr\/wp-content\/uploads\/elementor\/thumbs\/setting-q9p2l8mewvm9olrbftb2t8bas5ccks9vmzjs0dsbq4.png\" title=\"setting\" alt=\"setting\" loading=\"lazy\" \/>\t\t\t\t\t\t\t\t\t\t\t\t\t\t\t<\/div>\n\t\t\t\t<\/div>\n\t\t\t\t<div class=\"elementor-element elementor-element-2b2b3ff7 elementor-widget elementor-widget-heading\" data-id=\"2b2b3ff7\" data-element_type=\"widget\" data-e-type=\"widget\" data-widget_type=\"heading.default\">\n\t\t\t\t<div class=\"elementor-widget-container\">\n\t\t\t\t\t<h1 class=\"elementor-heading-title elementor-size-default\">Personnalisation avanc\u00e9e sur mesure - Prestaconnect<\/h1>\t\t\t\t<\/div>\n\t\t\t\t<\/div>\n\t\t\t\t<\/div>\n\t\t<div class=\"elementor-element elementor-element-2663e540 e-flex e-con-boxed e-con e-parent\" data-id=\"2663e540\" data-element_type=\"container\" data-e-type=\"container\">\n\t\t\t\t\t<div class=\"e-con-inner\">\n\t\t<div class=\"elementor-element elementor-element-56c604db e-flex e-con-boxed e-con e-parent\" data-id=\"56c604db\" data-element_type=\"container\" data-e-type=\"container\">\n\t\t\t\t\t<div class=\"e-con-inner\">\n\t\t\t\t<div class=\"elementor-element elementor-element-43e854b0 elementor-widget elementor-widget-heading\" data-id=\"43e854b0\" data-element_type=\"widget\" data-e-type=\"widget\" data-widget_type=\"heading.default\">\n\t\t\t\t<div class=\"elementor-widget-container\">\n\t\t\t\t\t<h2 class=\"elementor-heading-title elementor-size-default\">Le connecteur <span class=\"sage\">Sage 100cloud<\/span> - Prestashop : Gestion des param\u00e8tres enti\u00e8rement modulables<\/h2>\t\t\t\t<\/div>\n\t\t\t\t<\/div>\n\t\t\t\t\t<\/div>\n\t\t\t\t<\/div>\n\t\t<div class=\"elementor-element elementor-element-7da98f21 e-con-full e-flex e-con e-parent\" data-id=\"7da98f21\" data-element_type=\"container\" data-e-type=\"container\">\n\t\t\t\t<div class=\"elementor-element elementor-element-41593fa1 elementor-widget-divider--view-line elementor-widget elementor-widget-divider\" data-id=\"41593fa1\" data-element_type=\"widget\" data-e-type=\"widget\" data-widget_type=\"divider.default\">\n\t\t\t\t<div class=\"elementor-widget-container\">\n\t\t\t\t\t\t\t<div class=\"elementor-divider\">\n\t\t\t<span class=\"elementor-divider-separator\">\n\t\t\t\t\t\t<\/span>\n\t\t<\/div>\n\t\t\t\t\t\t<\/div>\n\t\t\t\t<\/div>\n\t\t\t\t<\/div>\n\t\t\t\t\t<\/div>\n\t\t\t\t<\/div>\n\t\t<div class=\"elementor-element elementor-element-5e460701 e-flex e-con-boxed e-con e-parent\" data-id=\"5e460701\" data-element_type=\"container\" data-e-type=\"container\">\n\t\t\t\t\t<div class=\"e-con-inner\">\n\t\t<div class=\"elementor-element elementor-element-643e6a92 e-con-full e-flex e-con e-parent\" data-id=\"643e6a92\" data-element_type=\"container\" data-e-type=\"container\">\n\t\t\t\t<div class=\"elementor-element elementor-element-4c384f61 elementor-widget elementor-widget-text-editor\" data-id=\"4c384f61\" data-element_type=\"widget\" data-e-type=\"widget\" data-widget_type=\"text-editor.default\">\n\t\t\t\t<div class=\"elementor-widget-container\">\n\t\t\t\t\t\t\t\t\t<p>Notre connecteur Sage 100cloud &#8211; Prestashop de Prestaconnect vous offre une personnalisation avanc\u00e9e et modulable pour une gestion optimale de vos processus.<\/p>\t\t\t\t\t\t\t\t<\/div>\n\t\t\t\t<\/div>\n\t\t\t\t<div class=\"elementor-element elementor-element-165c804 elementor-widget elementor-widget-image\" data-id=\"165c804\" data-element_type=\"widget\" data-e-type=\"widget\" data-widget_type=\"image.default\">\n\t\t\t\t<div class=\"elementor-widget-container\">\n\t\t\t\t\t\t\t\t\t\t\t\t\t\t\t<img fetchpriority=\"high\" decoding=\"async\" width=\"1024\" height=\"679\" src=\"https:\/\/www.prestaconnect.fr\/wp-content\/uploads\/2023\/07\/Illustration1-1024x679.png\" class=\"attachment-large size-large wp-image-4059\" alt=\"\" srcset=\"https:\/\/www.prestaconnect.fr\/wp-content\/uploads\/2023\/07\/Illustration1-1024x679.png 1024w, https:\/\/www.prestaconnect.fr\/wp-content\/uploads\/2023\/07\/Illustration1-300x199.png 300w, https:\/\/www.prestaconnect.fr\/wp-content\/uploads\/2023\/07\/Illustration1-768x509.png 768w, https:\/\/www.prestaconnect.fr\/wp-content\/uploads\/2023\/07\/Illustration1-1536x1018.png 1536w, https:\/\/www.prestaconnect.fr\/wp-content\/uploads\/2023\/07\/Illustration1-18x12.png 18w, https:\/\/www.prestaconnect.fr\/wp-content\/uploads\/2023\/07\/Illustration1.png 1972w\" sizes=\"(max-width: 1024px) 100vw, 1024px\" \/>\t\t\t\t\t\t\t\t\t\t\t\t\t\t\t<\/div>\n\t\t\t\t<\/div>\n\t\t\t\t<div class=\"elementor-element elementor-element-daeca6e elementor-widget elementor-widget-heading\" data-id=\"daeca6e\" data-element_type=\"widget\" data-e-type=\"widget\" data-widget_type=\"heading.default\">\n\t\t\t\t<div class=\"elementor-widget-container\">\n\t\t\t\t\t<h3 class=\"elementor-heading-title elementor-size-default\">Adaptation \u00e0 vos m\u00e9thodes et environnement<\/h3>\t\t\t\t<\/div>\n\t\t\t\t<\/div>\n\t\t\t\t<div class=\"elementor-element elementor-element-3762500 elementor-widget elementor-widget-text-editor\" data-id=\"3762500\" data-element_type=\"widget\" data-e-type=\"widget\" data-widget_type=\"text-editor.default\">\n\t\t\t\t<div class=\"elementor-widget-container\">\n\t\t\t\t\t\t\t\t\t<p>Contrairement \u00e0 la plupart des connecteurs, Prestaconnect s&rsquo;adapte \u00e0 vos m\u00e9thodes et \u00e0 votre environnement. Ses menus de configuration et de param\u00e9trage complexes et pr\u00e9cis permettent une adaptation totale \u00e0 vos besoins sp\u00e9cifiques.<\/p>\t\t\t\t\t\t\t\t<\/div>\n\t\t\t\t<\/div>\n\t\t<div class=\"elementor-element elementor-element-bd15547 e-flex e-con-boxed e-con e-parent\" data-id=\"bd15547\" data-element_type=\"container\" data-e-type=\"container\">\n\t\t\t\t\t<div class=\"e-con-inner\">\n\t\t<div class=\"elementor-element elementor-element-4e9ba77 e-flex e-con-boxed e-con e-parent\" data-id=\"4e9ba77\" data-element_type=\"container\" data-e-type=\"container\">\n\t\t\t\t\t<div class=\"e-con-inner\">\n\t\t\t\t<div class=\"elementor-element elementor-element-0c58404 elementor-widget elementor-widget-heading\" data-id=\"0c58404\" data-element_type=\"widget\" data-e-type=\"widget\" data-widget_type=\"heading.default\">\n\t\t\t\t<div class=\"elementor-widget-container\">\n\t\t\t\t\t<h3 class=\"elementor-heading-title elementor-size-default\">Gestion des stocks et tarifs simplifi\u00e9e\n<\/h3>\t\t\t\t<\/div>\n\t\t\t\t<\/div>\n\t\t\t\t<div class=\"elementor-element elementor-element-84c87b1 elementor-widget elementor-widget-text-editor\" data-id=\"84c87b1\" data-element_type=\"widget\" data-e-type=\"widget\" data-widget_type=\"text-editor.default\">\n\t\t\t\t<div class=\"elementor-widget-container\">\n\t\t\t\t\t\t\t\t\t<p>Avec Prestaconnect, vous pouvez d\u00e9cider quels d\u00e9p\u00f4ts prendre en compte pour la gestion des stocks et afficher le type de stock Sage sur votre site (stocks \u00e0 terme, stock r\u00e9el, stock disponible). G\u00e9rez \u00e9galement vos stocks en contremarque.<\/p><p>Liez les cat\u00e9gories tarifaires de Sage aux groupes de clients Prestashop, pour assigner les prix en fonction des\u00a0<a href=\"https:\/\/www.prestaconnect.fr\/fr\/fonctionnalites\/articles\/\" target=\"_blank\" rel=\"noopener\">articles<\/a>\u00a0et des\u00a0<a href=\"https:\/\/www.prestaconnect.fr\/fr\/fonctionnalites\/clients\/\" target=\"_blank\" rel=\"noopener\">clients<\/a>\u00a0selon vos besoins.<\/p>\t\t\t\t\t\t\t\t<\/div>\n\t\t\t\t<\/div>\n\t\t\t\t\t<\/div>\n\t\t\t\t<\/div>\n\t\t\t\t<div class=\"elementor-element elementor-element-6a0a12c elementor-widget elementor-widget-image\" data-id=\"6a0a12c\" data-element_type=\"widget\" data-e-type=\"widget\" data-widget_type=\"image.default\">\n\t\t\t\t<div class=\"elementor-widget-container\">\n\t\t\t\t\t\t\t\t\t\t\t\t\t\t\t<img decoding=\"async\" width=\"1024\" height=\"683\" src=\"https:\/\/www.prestaconnect.fr\/wp-content\/uploads\/2023\/07\/Illustration-9-1024x683.png\" class=\"attachment-large size-large wp-image-4076\" alt=\"\" srcset=\"https:\/\/www.prestaconnect.fr\/wp-content\/uploads\/2023\/07\/Illustration-9-1024x683.png 1024w, https:\/\/www.prestaconnect.fr\/wp-content\/uploads\/2023\/07\/Illustration-9-300x200.png 300w, https:\/\/www.prestaconnect.fr\/wp-content\/uploads\/2023\/07\/Illustration-9-768x512.png 768w, https:\/\/www.prestaconnect.fr\/wp-content\/uploads\/2023\/07\/Illustration-9-1536x1024.png 1536w, https:\/\/www.prestaconnect.fr\/wp-content\/uploads\/2023\/07\/Illustration-9-2048x1365.png 2048w, https:\/\/www.prestaconnect.fr\/wp-content\/uploads\/2023\/07\/Illustration-9-18x12.png 18w, https:\/\/www.prestaconnect.fr\/wp-content\/uploads\/2023\/07\/Illustration-9-930x620.png 930w\" sizes=\"(max-width: 1024px) 100vw, 1024px\" \/>\t\t\t\t\t\t\t\t\t\t\t\t\t\t\t<\/div>\n\t\t\t\t<\/div>\n\t\t\t\t\t<\/div>\n\t\t\t\t<\/div>\n\t\t\t\t<div class=\"elementor-element elementor-element-f43bf39 elementor-widget elementor-widget-heading\" data-id=\"f43bf39\" data-element_type=\"widget\" data-e-type=\"widget\" data-widget_type=\"heading.default\">\n\t\t\t\t<div class=\"elementor-widget-container\">\n\t\t\t\t\t<h3 class=\"elementor-heading-title elementor-size-default\">Personnalisation des caract\u00e9ristiques d'article\n<\/h3>\t\t\t\t<\/div>\n\t\t\t\t<\/div>\n\t\t\t\t<div class=\"elementor-element elementor-element-d634838 elementor-widget elementor-widget-text-editor\" data-id=\"d634838\" data-element_type=\"widget\" data-e-type=\"widget\" data-widget_type=\"text-editor.default\">\n\t\t\t\t<div class=\"elementor-widget-container\">\n\t\t\t\t\t\t\t\t\t<p>Personnalisez les caract\u00e9ristiques des articles entre Sage et Prestashop. Vos fiches articles seront mises \u00e0 jour avec les informations que vous souhaitez afficher, et les commandes dans Sage auront les informations de transporteur d\u00e9j\u00e0 int\u00e9gr\u00e9es.<\/p>\t\t\t\t\t\t\t\t<\/div>\n\t\t\t\t<\/div>\n\t\t\t\t<div class=\"elementor-element elementor-element-6b42f72 elementor-widget elementor-widget-heading\" data-id=\"6b42f72\" data-element_type=\"widget\" data-e-type=\"widget\" data-widget_type=\"heading.default\">\n\t\t\t\t<div class=\"elementor-widget-container\">\n\t\t\t\t\t<h3 class=\"elementor-heading-title elementor-size-default\">Flexibilit\u00e9 dans l'int\u00e9gration des articles\n<\/h3>\t\t\t\t<\/div>\n\t\t\t\t<\/div>\n\t\t\t\t<div class=\"elementor-element elementor-element-94d5075 elementor-widget elementor-widget-text-editor\" data-id=\"94d5075\" data-element_type=\"widget\" data-e-type=\"widget\" data-widget_type=\"text-editor.default\">\n\t\t\t\t<div class=\"elementor-widget-container\">\n\t\t\t\t\t\t\t\t\t<p>Prestaconnect vous permet de d\u00e9cider quels articles peuvent \u00eatre import\u00e9s sur Prestaconnect. Vous pouvez int\u00e9grer vos articles Sage en sommeil dans votre base Prestashop.<\/p>\t\t\t\t\t\t\t\t<\/div>\n\t\t\t\t<\/div>\n\t\t<div class=\"elementor-element elementor-element-6cbe10e e-flex e-con-boxed e-con e-parent\" data-id=\"6cbe10e\" data-element_type=\"container\" data-e-type=\"container\">\n\t\t\t\t\t<div class=\"e-con-inner\">\n\t\t<div class=\"elementor-element elementor-element-cbde9d5 e-con-full e-flex e-con e-parent\" data-id=\"cbde9d5\" data-element_type=\"container\" data-e-type=\"container\">\n\t\t\t\t<div class=\"elementor-element elementor-element-44a8feb elementor-widget elementor-widget-heading\" data-id=\"44a8feb\" data-element_type=\"widget\" data-e-type=\"widget\" data-widget_type=\"heading.default\">\n\t\t\t\t<div class=\"elementor-widget-container\">\n\t\t\t\t\t<h3 class=\"elementor-heading-title elementor-size-default\">Gestion centralis\u00e9e des clients\n<\/h3>\t\t\t\t<\/div>\n\t\t\t\t<\/div>\n\t\t\t\t<div class=\"elementor-element elementor-element-cc0f74a elementor-widget elementor-widget-text-editor\" data-id=\"cc0f74a\" data-element_type=\"widget\" data-e-type=\"widget\" data-widget_type=\"text-editor.default\">\n\t\t\t\t<div class=\"elementor-widget-container\">\n\t\t\t\t\t\t\t\t\t<p>R\u00e9cup\u00e9rez vos clients Prestashop sur un seul client centralisateur Sage, ou cr\u00e9ez un client Sage par client Prestashop. Personnalisez le num\u00e9ro client des nouveaux clients Sage, assignez-les \u00e0 une cat\u00e9gorie comptable en fonction de leur pays de facturation, et regroupez vos clients dans Sage selon leur code SIRET, et bien plus encore !<\/p>\t\t\t\t\t\t\t\t<\/div>\n\t\t\t\t<\/div>\n\t\t\t\t<\/div>\n\t\t\t\t<div class=\"elementor-element elementor-element-d164a8c elementor-widget elementor-widget-image\" data-id=\"d164a8c\" data-element_type=\"widget\" data-e-type=\"widget\" data-widget_type=\"image.default\">\n\t\t\t\t<div class=\"elementor-widget-container\">\n\t\t\t\t\t\t\t\t\t\t\t\t\t\t\t<img decoding=\"async\" width=\"1024\" height=\"683\" src=\"https:\/\/www.prestaconnect.fr\/wp-content\/uploads\/2023\/07\/Illustration-7-1024x683.png\" class=\"attachment-large size-large wp-image-4011\" alt=\"\" srcset=\"https:\/\/www.prestaconnect.fr\/wp-content\/uploads\/2023\/07\/Illustration-7-1024x683.png 1024w, https:\/\/www.prestaconnect.fr\/wp-content\/uploads\/2023\/07\/Illustration-7-300x200.png 300w, https:\/\/www.prestaconnect.fr\/wp-content\/uploads\/2023\/07\/Illustration-7-768x512.png 768w, https:\/\/www.prestaconnect.fr\/wp-content\/uploads\/2023\/07\/Illustration-7-1536x1024.png 1536w, https:\/\/www.prestaconnect.fr\/wp-content\/uploads\/2023\/07\/Illustration-7-2048x1365.png 2048w, https:\/\/www.prestaconnect.fr\/wp-content\/uploads\/2023\/07\/Illustration-7-18x12.png 18w, https:\/\/www.prestaconnect.fr\/wp-content\/uploads\/2023\/07\/Illustration-7-930x620.png 930w\" sizes=\"(max-width: 1024px) 100vw, 1024px\" \/>\t\t\t\t\t\t\t\t\t\t\t\t\t\t\t<\/div>\n\t\t\t\t<\/div>\n\t\t\t\t\t<\/div>\n\t\t\t\t<\/div>\n\t\t\t\t<div class=\"elementor-element elementor-element-d5c2653 elementor-widget elementor-widget-heading\" data-id=\"d5c2653\" data-element_type=\"widget\" data-e-type=\"widget\" data-widget_type=\"heading.default\">\n\t\t\t\t<div class=\"elementor-widget-container\">\n\t\t\t\t\t<h3 class=\"elementor-heading-title elementor-size-default\">Facilit\u00e9 de gestion des actions\n<\/h3>\t\t\t\t<\/div>\n\t\t\t\t<\/div>\n\t\t\t\t<div class=\"elementor-element elementor-element-4cef3a1 elementor-widget elementor-widget-text-editor\" data-id=\"4cef3a1\" data-element_type=\"widget\" data-e-type=\"widget\" data-widget_type=\"text-editor.default\">\n\t\t\t\t<div class=\"elementor-widget-container\">\n\t\t\t\t\t\t\t\t\t<p>Assignez automatiquement un collaborateur \u00e0 vos nouveaux clients. Configurez les param\u00e8tres de saisie des informations dans la comptabilit\u00e9 et autorisez les livraisons partielles \u00e0 vos clients.<\/p><p>Cr\u00e9ez des mod\u00e8les de mail pour chaque action sur Prestaconnect et pr\u00e9venez facilement vos clients des \u00e9volutions de leurs commandes ou de l&rsquo;int\u00e9gration d&rsquo;une facture dans leur espace client.<\/p>\t\t\t\t\t\t\t\t<\/div>\n\t\t\t\t<\/div>\n\t\t\t\t<div class=\"elementor-element elementor-element-2f93f27 elementor-widget elementor-widget-image\" data-id=\"2f93f27\" data-element_type=\"widget\" data-e-type=\"widget\" data-widget_type=\"image.default\">\n\t\t\t\t<div class=\"elementor-widget-container\">\n\t\t\t\t\t\t\t\t\t\t\t\t\t\t\t<img loading=\"lazy\" decoding=\"async\" width=\"1024\" height=\"850\" src=\"https:\/\/www.prestaconnect.fr\/wp-content\/uploads\/2023\/07\/img-Configuration-3-1024x850.png\" class=\"attachment-large size-large wp-image-3736\" alt=\"Prestaconnect : Connecteur pour automatiser les \u00e9changes dans le logiciel de gestion commerciale SAGE et le site e-commerce PRESTASHOP\" srcset=\"https:\/\/www.prestaconnect.fr\/wp-content\/uploads\/2023\/07\/img-Configuration-3-1024x850.png 1024w, https:\/\/www.prestaconnect.fr\/wp-content\/uploads\/2023\/07\/img-Configuration-3-300x249.png 300w, https:\/\/www.prestaconnect.fr\/wp-content\/uploads\/2023\/07\/img-Configuration-3-768x637.png 768w, https:\/\/www.prestaconnect.fr\/wp-content\/uploads\/2023\/07\/img-Configuration-3-14x12.png 14w, https:\/\/www.prestaconnect.fr\/wp-content\/uploads\/2023\/07\/img-Configuration-3.png 1028w\" sizes=\"(max-width: 1024px) 100vw, 1024px\" \/>\t\t\t\t\t\t\t\t\t\t\t\t\t\t\t<\/div>\n\t\t\t\t<\/div>\n\t\t\t\t<div class=\"elementor-element elementor-element-33caa6a elementor-widget elementor-widget-text-editor\" data-id=\"33caa6a\" data-element_type=\"widget\" data-e-type=\"widget\" data-widget_type=\"text-editor.default\">\n\t\t\t\t<div class=\"elementor-widget-container\">\n\t\t\t\t\t\t\t\t\t<p>Si malgr\u00e9 toutes les options possibles, il manque quelque chose, pas de panique ! Prestaconnect \u00e9volue constamment pour devenir plus rapide, plus s\u00fbr, et int\u00e9grer les fonctionnalit\u00e9s dont vous avez besoin.<\/p>\t\t\t\t\t\t\t\t<\/div>\n\t\t\t\t<\/div>\n\t\t\t\t<div class=\"elementor-element elementor-element-7570c4e elementor-align-center elementor-widget elementor-widget-button\" data-id=\"7570c4e\" data-element_type=\"widget\" data-e-type=\"widget\" data-widget_type=\"button.default\">\n\t\t\t\t<div class=\"elementor-widget-container\">\n\t\t\t\t\t\t\t\t\t<div class=\"elementor-button-wrapper\">\n\t\t\t\t\t<a class=\"elementor-button elementor-button-link elementor-size-lg\" href=\"https:\/\/www.prestaconnect.fr\/#contact-alternetis\">\n\t\t\t\t\t\t<span class=\"elementor-button-content-wrapper\">\n\t\t\t\t\t\t\t\t\t<span class=\"elementor-button-text\">Nous contacter<\/span>\n\t\t\t\t\t<\/span>\n\t\t\t\t\t<\/a>\n\t\t\t\t<\/div>\n\t\t\t\t\t\t\t\t<\/div>\n\t\t\t\t<\/div>\n\t\t\t\t<\/div>\n\t\t\t\t\t<\/div>\n\t\t\t\t<\/div>\n\t\t\t\t<\/div>\n\t\t","protected":false},"excerpt":{"rendered":"<p>Personnalisation avanc\u00e9e sur mesure &#8211; Prestaconnect Le connecteur Sage 100cloud &#8211; Prestashop : Gestion des param\u00e8tres enti\u00e8rement modulables Notre connecteur Sage 100cloud &#8211; Prestashop de Prestaconnect vous offre une personnalisation avanc\u00e9e et modulable pour une gestion optimale de vos processus. Adaptation \u00e0 vos m\u00e9thodes et environnement Contrairement \u00e0 la plupart des connecteurs, Prestaconnect s&rsquo;adapte \u00e0&hellip;&nbsp;<a href=\"https:\/\/www.prestaconnect.fr\/fr\/fonctionnalites\/personnalisation\/\" class=\"\" rel=\"bookmark\">Lire la suite &raquo;<span class=\"screen-reader-text\">Personnalisation<\/span><\/a><\/p>\n","protected":false},"author":2,"featured_media":0,"parent":1472,"menu_order":0,"comment_status":"closed","ping_status":"closed","template":"elementor_header_footer","meta":{"inline_featured_image":false,"_monsterinsights_skip_tracking":false,"_monsterinsights_sitenote_active":false,"_monsterinsights_sitenote_note":"","_monsterinsights_sitenote_category":0,"neve_meta_sidebar":"","neve_meta_container":"","neve_meta_enable_content_width":"","neve_meta_content_width":0,"neve_meta_title_alignment":"","neve_meta_author_avatar":"","neve_post_elements_order":"","neve_meta_disable_header":"","neve_meta_disable_footer":"","neve_meta_disable_title":"","footnotes":""},"class_list":["post-3067","page","type-page","status-publish","hentry"],"aioseo_notices":[],"_links":{"self":[{"href":"https:\/\/www.prestaconnect.fr\/fr\/wp-json\/wp\/v2\/pages\/3067","targetHints":{"allow":["GET"]}}],"collection":[{"href":"https:\/\/www.prestaconnect.fr\/fr\/wp-json\/wp\/v2\/pages"}],"about":[{"href":"https:\/\/www.prestaconnect.fr\/fr\/wp-json\/wp\/v2\/types\/page"}],"author":[{"embeddable":true,"href":"https:\/\/www.prestaconnect.fr\/fr\/wp-json\/wp\/v2\/users\/2"}],"replies":[{"embeddable":true,"href":"https:\/\/www.prestaconnect.fr\/fr\/wp-json\/wp\/v2\/comments?post=3067"}],"version-history":[{"count":51,"href":"https:\/\/www.prestaconnect.fr\/fr\/wp-json\/wp\/v2\/pages\/3067\/revisions"}],"predecessor-version":[{"id":4190,"href":"https:\/\/www.prestaconnect.fr\/fr\/wp-json\/wp\/v2\/pages\/3067\/revisions\/4190"}],"up":[{"embeddable":true,"href":"https:\/\/www.prestaconnect.fr\/fr\/wp-json\/wp\/v2\/pages\/1472"}],"wp:attachment":[{"href":"https:\/\/www.prestaconnect.fr\/fr\/wp-json\/wp\/v2\/media?parent=3067"}],"curies":[{"name":"wp","href":"https:\/\/api.w.org\/{rel}","templated":true}]}}