{"id":3039,"date":"2023-05-31T16:37:11","date_gmt":"2023-05-31T14:37:11","guid":{"rendered":"https:\/\/easy-logistic.fr\/?page_id=3039"},"modified":"2023-07-27T16:04:11","modified_gmt":"2023-07-27T14:04:11","slug":"gammes","status":"publish","type":"page","link":"https:\/\/www.prestaconnect.fr\/fr\/fonctionnalites\/gammes\/","title":{"rendered":"Gammes"},"content":{"rendered":"\t\t<div data-elementor-type=\"wp-page\" data-elementor-id=\"3039\" class=\"elementor elementor-3039\" data-elementor-post-type=\"page\">\n\t\t\t\t<div class=\"elementor-element elementor-element-6c27fa47 e-con-full e-flex e-con e-parent\" data-id=\"6c27fa47\" data-element_type=\"container\" data-e-type=\"container\" data-settings=\"{&quot;background_background&quot;:&quot;classic&quot;}\">\n\t\t\t\t<div class=\"elementor-element elementor-element-4a9590e0 elementor-widget elementor-widget-image\" data-id=\"4a9590e0\" data-element_type=\"widget\" data-e-type=\"widget\" data-widget_type=\"image.default\">\n\t\t\t\t<div class=\"elementor-widget-container\">\n\t\t\t\t\t\t\t\t\t\t\t\t\t\t\t<img decoding=\"async\" src=\"https:\/\/www.prestaconnect.fr\/wp-content\/uploads\/elementor\/thumbs\/combination-q9p2l8mewvm9olrbftb2t8bas5ccks9vmzjs0dsbq4.png\" title=\"combination\" alt=\"combination\" loading=\"lazy\" \/>\t\t\t\t\t\t\t\t\t\t\t\t\t\t\t<\/div>\n\t\t\t\t<\/div>\n\t\t\t\t<div class=\"elementor-element elementor-element-2b2b3ff7 elementor-widget elementor-widget-heading\" data-id=\"2b2b3ff7\" data-element_type=\"widget\" data-e-type=\"widget\" data-widget_type=\"heading.default\">\n\t\t\t\t<div class=\"elementor-widget-container\">\n\t\t\t\t\t<h1 class=\"elementor-heading-title elementor-size-default\">Gestion des Gammes avec des Attributs - Prestaconnect<\/h1>\t\t\t\t<\/div>\n\t\t\t\t<\/div>\n\t\t\t\t<\/div>\n\t\t<div class=\"elementor-element elementor-element-2663e540 e-flex e-con-boxed e-con e-parent\" data-id=\"2663e540\" data-element_type=\"container\" data-e-type=\"container\">\n\t\t\t\t\t<div class=\"e-con-inner\">\n\t\t<div class=\"elementor-element elementor-element-56c604db e-flex e-con-boxed e-con e-parent\" data-id=\"56c604db\" data-element_type=\"container\" data-e-type=\"container\">\n\t\t\t\t\t<div class=\"e-con-inner\">\n\t\t\t\t<div class=\"elementor-element elementor-element-43e854b0 elementor-widget elementor-widget-heading\" data-id=\"43e854b0\" data-element_type=\"widget\" data-e-type=\"widget\" data-widget_type=\"heading.default\">\n\t\t\t\t<div class=\"elementor-widget-container\">\n\t\t\t\t\t<h2 class=\"elementor-heading-title elementor-size-default\">Le connecteur <span class=\"sage\">Sage 100cloud<\/span> - Prestashop : G\u00e9rez efficacement vos gammes avec la synchronisation<\/h2>\t\t\t\t<\/div>\n\t\t\t\t<\/div>\n\t\t\t\t\t<\/div>\n\t\t\t\t<\/div>\n\t\t<div class=\"elementor-element elementor-element-7da98f21 e-con-full e-flex e-con e-parent\" data-id=\"7da98f21\" data-element_type=\"container\" data-e-type=\"container\">\n\t\t\t\t<div class=\"elementor-element elementor-element-41593fa1 elementor-widget-divider--view-line elementor-widget elementor-widget-divider\" data-id=\"41593fa1\" data-element_type=\"widget\" data-e-type=\"widget\" data-widget_type=\"divider.default\">\n\t\t\t\t<div class=\"elementor-widget-container\">\n\t\t\t\t\t\t\t<div class=\"elementor-divider\">\n\t\t\t<span class=\"elementor-divider-separator\">\n\t\t\t\t\t\t<\/span>\n\t\t<\/div>\n\t\t\t\t\t\t<\/div>\n\t\t\t\t<\/div>\n\t\t\t\t<\/div>\n\t\t\t\t\t<\/div>\n\t\t\t\t<\/div>\n\t\t<div class=\"elementor-element elementor-element-5e460701 e-flex e-con-boxed e-con e-parent\" data-id=\"5e460701\" data-element_type=\"container\" data-e-type=\"container\">\n\t\t\t\t\t<div class=\"e-con-inner\">\n\t\t<div class=\"elementor-element elementor-element-643e6a92 e-con-full e-flex e-con e-parent\" data-id=\"643e6a92\" data-element_type=\"container\" data-e-type=\"container\">\n\t\t\t\t<div class=\"elementor-element elementor-element-4c384f61 elementor-widget elementor-widget-text-editor\" data-id=\"4c384f61\" data-element_type=\"widget\" data-e-type=\"widget\" data-widget_type=\"text-editor.default\">\n\t\t\t\t<div class=\"elementor-widget-container\">\n\t\t\t\t\t\t\t\t\t<p>Le connecteur Sage 100cloud &#8211; Prestashop de Prestaconnect vous offre une gestion avanc\u00e9e des gammes avec des attributs. Vous pouvez d\u00e9sormais cr\u00e9er facilement vos attributs et valeurs d&rsquo;attributs directement dans Prestaconnect, puis les int\u00e9grer dans votre base Prestashop pour une exp\u00e9rience de gestion fluide et efficace.<\/p>\t\t\t\t\t\t\t\t<\/div>\n\t\t\t\t<\/div>\n\t\t\t\t<div class=\"elementor-element elementor-element-37680be elementor-widget elementor-widget-image\" data-id=\"37680be\" data-element_type=\"widget\" data-e-type=\"widget\" data-widget_type=\"image.default\">\n\t\t\t\t<div class=\"elementor-widget-container\">\n\t\t\t\t\t\t\t\t\t\t\t\t\t\t\t<img fetchpriority=\"high\" decoding=\"async\" width=\"768\" height=\"514\" src=\"https:\/\/www.prestaconnect.fr\/wp-content\/uploads\/2023\/07\/Illustration-13-768x514.png\" class=\"attachment-medium_large size-medium_large wp-image-4104\" alt=\"\" srcset=\"https:\/\/www.prestaconnect.fr\/wp-content\/uploads\/2023\/07\/Illustration-13-768x514.png 768w, https:\/\/www.prestaconnect.fr\/wp-content\/uploads\/2023\/07\/Illustration-13-300x201.png 300w, https:\/\/www.prestaconnect.fr\/wp-content\/uploads\/2023\/07\/Illustration-13-1024x685.png 1024w, https:\/\/www.prestaconnect.fr\/wp-content\/uploads\/2023\/07\/Illustration-13-1536x1028.png 1536w, https:\/\/www.prestaconnect.fr\/wp-content\/uploads\/2023\/07\/Illustration-13-2048x1371.png 2048w, https:\/\/www.prestaconnect.fr\/wp-content\/uploads\/2023\/07\/Illustration-13-18x12.png 18w\" sizes=\"(max-width: 768px) 100vw, 768px\" \/>\t\t\t\t\t\t\t\t\t\t\t\t\t\t\t<\/div>\n\t\t\t\t<\/div>\n\t\t\t\t<div class=\"elementor-element elementor-element-41891bc elementor-widget elementor-widget-heading\" data-id=\"41891bc\" data-element_type=\"widget\" data-e-type=\"widget\" data-widget_type=\"heading.default\">\n\t\t\t\t<div class=\"elementor-widget-container\">\n\t\t\t\t\t<h2 class=\"elementor-heading-title elementor-size-default\">Cr\u00e9ation simplifi\u00e9e d'attributs et de valeurs<\/h2>\t\t\t\t<\/div>\n\t\t\t\t<\/div>\n\t\t\t\t<div class=\"elementor-element elementor-element-7f83b1e elementor-widget elementor-widget-text-editor\" data-id=\"7f83b1e\" data-element_type=\"widget\" data-e-type=\"widget\" data-widget_type=\"text-editor.default\">\n\t\t\t\t<div class=\"elementor-widget-container\">\n\t\t\t\t\t\t\t\t\t<p>Avec Prestaconnect, vous n&rsquo;avez plus besoin de passer par des processus compliqu\u00e9s pour g\u00e9rer vos attributs et valeurs. Vous pouvez les cr\u00e9er directement dans l&rsquo;interface conviviale de Prestaconnect et les synchroniser avec votre base Prestashop en quelques clics.<\/p>\t\t\t\t\t\t\t\t<\/div>\n\t\t\t\t<\/div>\n\t\t<div class=\"elementor-element elementor-element-5b3fe09 e-flex e-con-boxed e-con e-parent\" data-id=\"5b3fe09\" data-element_type=\"container\" data-e-type=\"container\">\n\t\t\t\t\t<div class=\"e-con-inner\">\n\t\t<div class=\"elementor-element elementor-element-67f1956 e-flex e-con-boxed e-con e-parent\" data-id=\"67f1956\" data-element_type=\"container\" data-e-type=\"container\">\n\t\t\t\t\t<div class=\"e-con-inner\">\n\t\t\t\t<div class=\"elementor-element elementor-element-022942f elementor-widget elementor-widget-heading\" data-id=\"022942f\" data-element_type=\"widget\" data-e-type=\"widget\" data-widget_type=\"heading.default\">\n\t\t\t\t<div class=\"elementor-widget-container\">\n\t\t\t\t\t<h2 class=\"elementor-heading-title elementor-size-default\">Module de composition pour une gestion optimale\n<\/h2>\t\t\t\t<\/div>\n\t\t\t\t<\/div>\n\t\t\t\t<div class=\"elementor-element elementor-element-532de41 elementor-widget elementor-widget-text-editor\" data-id=\"532de41\" data-element_type=\"widget\" data-e-type=\"widget\" data-widget_type=\"text-editor.default\">\n\t\t\t\t<div class=\"elementor-widget-container\">\n\t\t\t\t\t\t\t\t\t<p>La fonctionnalit\u00e9 s&rsquo;int\u00e8gre parfaitement avec le module de composition de Prestaconnect. Vous pouvez cr\u00e9er des groupes d&rsquo;attributs pour les produits qui n&rsquo;existent pas encore dans Sage. Cette approche vous permet de simplifier la cr\u00e9ation de d\u00e9clinaisons sur votre site et d&rsquo;am\u00e9liorer consid\u00e9rablement l&rsquo;efficacit\u00e9 de votre gestion.<\/p>\t\t\t\t\t\t\t\t<\/div>\n\t\t\t\t<\/div>\n\t\t\t\t<div class=\"elementor-element elementor-element-e359348 elementor-widget elementor-widget-heading\" data-id=\"e359348\" data-element_type=\"widget\" data-e-type=\"widget\" data-widget_type=\"heading.default\">\n\t\t\t\t<div class=\"elementor-widget-container\">\n\t\t\t\t\t<h2 class=\"elementor-heading-title elementor-size-default\">Gagnez du temps et optimisez votre gestion des gammes\n<\/h2>\t\t\t\t<\/div>\n\t\t\t\t<\/div>\n\t\t\t\t<div class=\"elementor-element elementor-element-288ed05 elementor-widget elementor-widget-text-editor\" data-id=\"288ed05\" data-element_type=\"widget\" data-e-type=\"widget\" data-widget_type=\"text-editor.default\">\n\t\t\t\t<div class=\"elementor-widget-container\">\n\t\t\t\t\t\t\t\t\t<p>Avec Prestaconnect, la gestion des gammes avec des attributs devient un jeu d&rsquo;enfant. Vous pouvez personnaliser facilement vos attributs, les synchroniser avec Prestashop et profiter d&rsquo;un processus de gestion fluide et optimis\u00e9.<\/p>\t\t\t\t\t\t\t\t<\/div>\n\t\t\t\t<\/div>\n\t\t\t\t\t<\/div>\n\t\t\t\t<\/div>\n\t\t\t\t<div class=\"elementor-element elementor-element-0a09ec8 elementor-widget elementor-widget-image\" data-id=\"0a09ec8\" data-element_type=\"widget\" data-e-type=\"widget\" data-widget_type=\"image.default\">\n\t\t\t\t<div class=\"elementor-widget-container\">\n\t\t\t\t\t\t\t\t\t\t\t\t\t\t\t<img decoding=\"async\" width=\"1024\" height=\"683\" src=\"https:\/\/www.prestaconnect.fr\/wp-content\/uploads\/2023\/07\/Illustration-11-1024x683.png\" class=\"attachment-large size-large wp-image-4082\" alt=\"\" srcset=\"https:\/\/www.prestaconnect.fr\/wp-content\/uploads\/2023\/07\/Illustration-11-1024x683.png 1024w, https:\/\/www.prestaconnect.fr\/wp-content\/uploads\/2023\/07\/Illustration-11-300x200.png 300w, https:\/\/www.prestaconnect.fr\/wp-content\/uploads\/2023\/07\/Illustration-11-768x512.png 768w, https:\/\/www.prestaconnect.fr\/wp-content\/uploads\/2023\/07\/Illustration-11-1536x1024.png 1536w, https:\/\/www.prestaconnect.fr\/wp-content\/uploads\/2023\/07\/Illustration-11-2048x1365.png 2048w, https:\/\/www.prestaconnect.fr\/wp-content\/uploads\/2023\/07\/Illustration-11-18x12.png 18w, https:\/\/www.prestaconnect.fr\/wp-content\/uploads\/2023\/07\/Illustration-11-930x620.png 930w\" sizes=\"(max-width: 1024px) 100vw, 1024px\" \/>\t\t\t\t\t\t\t\t\t\t\t\t\t\t\t<\/div>\n\t\t\t\t<\/div>\n\t\t\t\t\t<\/div>\n\t\t\t\t<\/div>\n\t\t\t\t<div class=\"elementor-element elementor-element-7933bbb elementor-widget elementor-widget-text-editor\" data-id=\"7933bbb\" data-element_type=\"widget\" data-e-type=\"widget\" data-widget_type=\"text-editor.default\">\n\t\t\t\t<div class=\"elementor-widget-container\">\n\t\t\t\t\t\t\t\t\t<div class=\"group w-full text-gray-800 dark:text-gray-100 border-b border-black\/10 dark:border-gray-900\/50 bg-gray-50 dark:bg-[#444654]\"><div class=\"flex p-4 gap-4 text-base md:gap-6 md:max-w-2xl lg:max-w-[38rem] xl:max-w-3xl md:py-6 lg:px-0 m-auto\"><div class=\"relative flex w-[calc(100%-50px)] flex-col gap-1 md:gap-3 lg:w-[calc(100%-115px)]\"><div class=\"flex flex-grow flex-col gap-3\"><div class=\"min-h-[20px] flex items-start overflow-x-auto whitespace-pre-wrap break-words flex-col gap-4\"><div class=\"markdown prose w-full break-words dark:prose-invert light\"><p>Simplifiez votre gestion des gammes avec Prestaconnect. Cette solution puissante vous permet de cr\u00e9er, synchroniser et g\u00e9rer efficacement vos attributs dans votre boutique Prestashop. Optimisez votre exp\u00e9rience de gestion et gagnez en efficacit\u00e9 gr\u00e2ce \u00e0 Prestaconnect.<\/p><\/div><\/div><\/div><\/div><\/div><\/div>\t\t\t\t\t\t\t\t<\/div>\n\t\t\t\t<\/div>\n\t\t\t\t<div class=\"elementor-element elementor-element-e22a5e3 elementor-align-center elementor-widget elementor-widget-button\" data-id=\"e22a5e3\" data-element_type=\"widget\" data-e-type=\"widget\" data-widget_type=\"button.default\">\n\t\t\t\t<div class=\"elementor-widget-container\">\n\t\t\t\t\t\t\t\t\t<div class=\"elementor-button-wrapper\">\n\t\t\t\t\t<a class=\"elementor-button elementor-button-link elementor-size-lg\" href=\"https:\/\/www.prestaconnect.fr\/#contact-alternetis\">\n\t\t\t\t\t\t<span class=\"elementor-button-content-wrapper\">\n\t\t\t\t\t\t\t\t\t<span class=\"elementor-button-text\">Nous contacter<\/span>\n\t\t\t\t\t<\/span>\n\t\t\t\t\t<\/a>\n\t\t\t\t<\/div>\n\t\t\t\t\t\t\t\t<\/div>\n\t\t\t\t<\/div>\n\t\t\t\t<\/div>\n\t\t\t\t\t<\/div>\n\t\t\t\t<\/div>\n\t\t\t\t<\/div>\n\t\t","protected":false},"excerpt":{"rendered":"<p>Gestion des Gammes avec des Attributs &#8211; Prestaconnect Le connecteur Sage 100cloud &#8211; Prestashop : G\u00e9rez efficacement vos gammes avec la synchronisation Le connecteur Sage 100cloud &#8211; Prestashop de Prestaconnect vous offre une gestion avanc\u00e9e des gammes avec des attributs. Vous pouvez d\u00e9sormais cr\u00e9er facilement vos attributs et valeurs d&rsquo;attributs directement dans Prestaconnect, puis les&hellip;&nbsp;<a href=\"https:\/\/www.prestaconnect.fr\/fr\/fonctionnalites\/gammes\/\" class=\"\" rel=\"bookmark\">Lire la suite &raquo;<span class=\"screen-reader-text\">Gammes<\/span><\/a><\/p>\n","protected":false},"author":2,"featured_media":0,"parent":1472,"menu_order":0,"comment_status":"closed","ping_status":"closed","template":"elementor_header_footer","meta":{"inline_featured_image":false,"_monsterinsights_skip_tracking":false,"_monsterinsights_sitenote_active":false,"_monsterinsights_sitenote_note":"","_monsterinsights_sitenote_category":0,"neve_meta_sidebar":"","neve_meta_container":"","neve_meta_enable_content_width":"","neve_meta_content_width":0,"neve_meta_title_alignment":"","neve_meta_author_avatar":"","neve_post_elements_order":"","neve_meta_disable_header":"","neve_meta_disable_footer":"","neve_meta_disable_title":"","footnotes":""},"class_list":["post-3039","page","type-page","status-publish","hentry"],"aioseo_notices":[],"_links":{"self":[{"href":"https:\/\/www.prestaconnect.fr\/fr\/wp-json\/wp\/v2\/pages\/3039","targetHints":{"allow":["GET"]}}],"collection":[{"href":"https:\/\/www.prestaconnect.fr\/fr\/wp-json\/wp\/v2\/pages"}],"about":[{"href":"https:\/\/www.prestaconnect.fr\/fr\/wp-json\/wp\/v2\/types\/page"}],"author":[{"embeddable":true,"href":"https:\/\/www.prestaconnect.fr\/fr\/wp-json\/wp\/v2\/users\/2"}],"replies":[{"embeddable":true,"href":"https:\/\/www.prestaconnect.fr\/fr\/wp-json\/wp\/v2\/comments?post=3039"}],"version-history":[{"count":35,"href":"https:\/\/www.prestaconnect.fr\/fr\/wp-json\/wp\/v2\/pages\/3039\/revisions"}],"predecessor-version":[{"id":4107,"href":"https:\/\/www.prestaconnect.fr\/fr\/wp-json\/wp\/v2\/pages\/3039\/revisions\/4107"}],"up":[{"embeddable":true,"href":"https:\/\/www.prestaconnect.fr\/fr\/wp-json\/wp\/v2\/pages\/1472"}],"wp:attachment":[{"href":"https:\/\/www.prestaconnect.fr\/fr\/wp-json\/wp\/v2\/media?parent=3039"}],"curies":[{"name":"wp","href":"https:\/\/api.w.org\/{rel}","templated":true}]}}