{"id":3032,"date":"2023-05-31T16:35:47","date_gmt":"2023-05-31T14:35:47","guid":{"rendered":"https:\/\/easy-logistic.fr\/?page_id=3032"},"modified":"2023-07-28T14:16:25","modified_gmt":"2023-07-28T12:16:25","slug":"catalogues","status":"publish","type":"page","link":"https:\/\/www.prestaconnect.fr\/fr\/fonctionnalites\/catalogues\/","title":{"rendered":"Catalogues"},"content":{"rendered":"\t\t<div data-elementor-type=\"wp-page\" data-elementor-id=\"3032\" class=\"elementor elementor-3032\" data-elementor-post-type=\"page\">\n\t\t\t\t<div class=\"elementor-element elementor-element-6c27fa47 e-con-full e-flex e-con e-parent\" data-id=\"6c27fa47\" data-element_type=\"container\" data-e-type=\"container\" data-settings=\"{&quot;background_background&quot;:&quot;classic&quot;}\">\n\t\t\t\t<div class=\"elementor-element elementor-element-4a9590e0 elementor-widget elementor-widget-image\" data-id=\"4a9590e0\" data-element_type=\"widget\" data-e-type=\"widget\" data-widget_type=\"image.default\">\n\t\t\t\t<div class=\"elementor-widget-container\">\n\t\t\t\t\t\t\t\t\t\t\t\t\t\t\t<img decoding=\"async\" src=\"https:\/\/www.prestaconnect.fr\/wp-content\/uploads\/2023\/06\/catalog.png\" title=\"catalog\" alt=\"catalog\" loading=\"lazy\" \/>\t\t\t\t\t\t\t\t\t\t\t\t\t\t\t<\/div>\n\t\t\t\t<\/div>\n\t\t\t\t<div class=\"elementor-element elementor-element-2b2b3ff7 elementor-widget elementor-widget-heading\" data-id=\"2b2b3ff7\" data-element_type=\"widget\" data-e-type=\"widget\" data-widget_type=\"heading.default\">\n\t\t\t\t<div class=\"elementor-widget-container\">\n\t\t\t\t\t<h1 class=\"elementor-heading-title elementor-size-default\">Gestion des catalogues Prestashop simplifi\u00e9e - Prestaconnect<\/h1>\t\t\t\t<\/div>\n\t\t\t\t<\/div>\n\t\t\t\t<\/div>\n\t\t<div class=\"elementor-element elementor-element-2663e540 e-flex e-con-boxed e-con e-parent\" data-id=\"2663e540\" data-element_type=\"container\" data-e-type=\"container\">\n\t\t\t\t\t<div class=\"e-con-inner\">\n\t\t<div class=\"elementor-element elementor-element-56c604db e-flex e-con-boxed e-con e-parent\" data-id=\"56c604db\" data-element_type=\"container\" data-e-type=\"container\">\n\t\t\t\t\t<div class=\"e-con-inner\">\n\t\t\t\t<div class=\"elementor-element elementor-element-43e854b0 elementor-widget elementor-widget-heading\" data-id=\"43e854b0\" data-element_type=\"widget\" data-e-type=\"widget\" data-widget_type=\"heading.default\">\n\t\t\t\t<div class=\"elementor-widget-container\">\n\t\t\t\t\t<h2 class=\"elementor-heading-title elementor-size-default\">Le connecteur <span class=\"sage\">Sage 100cloud<\/span> - Prestashop : pour gagner du temps avec les catalogues synchronis\u00e9s<\/h2>\t\t\t\t<\/div>\n\t\t\t\t<\/div>\n\t\t\t\t\t<\/div>\n\t\t\t\t<\/div>\n\t\t<div class=\"elementor-element elementor-element-7da98f21 e-con-full e-flex e-con e-parent\" data-id=\"7da98f21\" data-element_type=\"container\" data-e-type=\"container\">\n\t\t\t\t<div class=\"elementor-element elementor-element-41593fa1 elementor-widget-divider--view-line elementor-widget elementor-widget-divider\" data-id=\"41593fa1\" data-element_type=\"widget\" data-e-type=\"widget\" data-widget_type=\"divider.default\">\n\t\t\t\t<div class=\"elementor-widget-container\">\n\t\t\t\t\t\t\t<div class=\"elementor-divider\">\n\t\t\t<span class=\"elementor-divider-separator\">\n\t\t\t\t\t\t<\/span>\n\t\t<\/div>\n\t\t\t\t\t\t<\/div>\n\t\t\t\t<\/div>\n\t\t\t\t<\/div>\n\t\t\t\t\t<\/div>\n\t\t\t\t<\/div>\n\t\t<div class=\"elementor-element elementor-element-5e460701 e-flex e-con-boxed e-con e-parent\" data-id=\"5e460701\" data-element_type=\"container\" data-e-type=\"container\">\n\t\t\t\t\t<div class=\"e-con-inner\">\n\t\t<div class=\"elementor-element elementor-element-643e6a92 e-con-full e-flex e-con e-parent\" data-id=\"643e6a92\" data-element_type=\"container\" data-e-type=\"container\">\n\t\t\t\t<div class=\"elementor-element elementor-element-4c384f61 elementor-widget elementor-widget-text-editor\" data-id=\"4c384f61\" data-element_type=\"widget\" data-e-type=\"widget\" data-widget_type=\"text-editor.default\">\n\t\t\t\t<div class=\"elementor-widget-container\">\n\t\t\t\t\t\t\t\t\t<p>Notre connecteur Prestaconnect vous permet de simplifier la gestion de vos catalogues sur Prestashop. Le logiciel vous fait gagner du temps gr\u00e2ce \u00e0 une synchronisation facile et rapide.<\/p>\t\t\t\t\t\t\t\t<\/div>\n\t\t\t\t<\/div>\n\t\t\t\t<div class=\"elementor-element elementor-element-876e4d0 elementor-widget elementor-widget-image\" data-id=\"876e4d0\" data-element_type=\"widget\" data-e-type=\"widget\" data-widget_type=\"image.default\">\n\t\t\t\t<div class=\"elementor-widget-container\">\n\t\t\t\t\t\t\t\t\t\t\t\t\t\t\t<img fetchpriority=\"high\" decoding=\"async\" width=\"768\" height=\"512\" src=\"https:\/\/www.prestaconnect.fr\/wp-content\/uploads\/2023\/07\/Illustration-11-768x512.png\" class=\"attachment-medium_large size-medium_large wp-image-4082\" alt=\"\" srcset=\"https:\/\/www.prestaconnect.fr\/wp-content\/uploads\/2023\/07\/Illustration-11-768x512.png 768w, https:\/\/www.prestaconnect.fr\/wp-content\/uploads\/2023\/07\/Illustration-11-300x200.png 300w, https:\/\/www.prestaconnect.fr\/wp-content\/uploads\/2023\/07\/Illustration-11-1024x683.png 1024w, https:\/\/www.prestaconnect.fr\/wp-content\/uploads\/2023\/07\/Illustration-11-1536x1024.png 1536w, https:\/\/www.prestaconnect.fr\/wp-content\/uploads\/2023\/07\/Illustration-11-2048x1365.png 2048w, https:\/\/www.prestaconnect.fr\/wp-content\/uploads\/2023\/07\/Illustration-11-18x12.png 18w, https:\/\/www.prestaconnect.fr\/wp-content\/uploads\/2023\/07\/Illustration-11-930x620.png 930w\" sizes=\"(max-width: 768px) 100vw, 768px\" \/>\t\t\t\t\t\t\t\t\t\t\t\t\t\t\t<\/div>\n\t\t\t\t<\/div>\n\t\t<div class=\"elementor-element elementor-element-4e61088 e-flex e-con-boxed e-con e-parent\" data-id=\"4e61088\" data-element_type=\"container\" data-e-type=\"container\">\n\t\t\t\t\t<div class=\"e-con-inner\">\n\t\t<div class=\"elementor-element elementor-element-67e2cc5 e-flex e-con-boxed e-con e-parent\" data-id=\"67e2cc5\" data-element_type=\"container\" data-e-type=\"container\">\n\t\t\t\t\t<div class=\"e-con-inner\">\n\t\t\t\t<div class=\"elementor-element elementor-element-53f6bea elementor-widget elementor-widget-heading\" data-id=\"53f6bea\" data-element_type=\"widget\" data-e-type=\"widget\" data-widget_type=\"heading.default\">\n\t\t\t\t<div class=\"elementor-widget-container\">\n\t\t\t\t\t<h3 class=\"elementor-heading-title elementor-size-default\">Importation et int\u00e9gration simplifi\u00e9es\n<\/h3>\t\t\t\t<\/div>\n\t\t\t\t<\/div>\n\t\t\t\t<div class=\"elementor-element elementor-element-aba578e elementor-widget elementor-widget-text-editor\" data-id=\"aba578e\" data-element_type=\"widget\" data-e-type=\"widget\" data-widget_type=\"text-editor.default\">\n\t\t\t\t<div class=\"elementor-widget-container\">\n\t\t\t\t\t\t\t\t\t<p>Avec Prestaconnect, vous pouvez facilement importer les informations de catalogue depuis Sage ou Prestashop. Vous avez \u00e9galement la possibilit\u00e9 de cr\u00e9er directement vos catalogues depuis le logiciel et de les synchroniser sur votre site Prestashop en un seul clic.<\/p>\t\t\t\t\t\t\t\t<\/div>\n\t\t\t\t<\/div>\n\t\t\t\t<div class=\"elementor-element elementor-element-dff1b06 elementor-widget elementor-widget-heading\" data-id=\"dff1b06\" data-element_type=\"widget\" data-e-type=\"widget\" data-widget_type=\"heading.default\">\n\t\t\t\t<div class=\"elementor-widget-container\">\n\t\t\t\t\t<h3 class=\"elementor-heading-title elementor-size-default\">Personnalisation \u00e0 votre guise\n<\/h3>\t\t\t\t<\/div>\n\t\t\t\t<\/div>\n\t\t\t\t<div class=\"elementor-element elementor-element-a554191 elementor-widget elementor-widget-text-editor\" data-id=\"a554191\" data-element_type=\"widget\" data-e-type=\"widget\" data-widget_type=\"text-editor.default\">\n\t\t\t\t<div class=\"elementor-widget-container\">\n\t\t\t\t\t\t\t\t\t<p>Vos cat\u00e9gories sont personnalisables comme bon vous semble gr\u00e2ce \u00e0 Prestaconnect. Il est possible d&rsquo;ajouter une image de couverture, fournir une description, modifier le lien URL&#8230; Tout peut \u00eatre synchronis\u00e9 sur Prestashop en quelques \u00e9tapes simples.<\/p>\t\t\t\t\t\t\t\t<\/div>\n\t\t\t\t<\/div>\n\t\t\t\t\t<\/div>\n\t\t\t\t<\/div>\n\t\t\t\t<div class=\"elementor-element elementor-element-3a6d751 elementor-widget elementor-widget-image\" data-id=\"3a6d751\" data-element_type=\"widget\" data-e-type=\"widget\" data-widget_type=\"image.default\">\n\t\t\t\t<div class=\"elementor-widget-container\">\n\t\t\t\t\t\t\t\t\t\t\t\t\t\t\t<img decoding=\"async\" width=\"768\" height=\"579\" src=\"https:\/\/www.prestaconnect.fr\/wp-content\/uploads\/2023\/07\/img-Catalogue-768x579.png\" class=\"attachment-medium_large size-medium_large wp-image-3741\" alt=\"Prestaconnect : Connecteur pour automatiser les \u00e9changes dans le logiciel de gestion commerciale SAGE et le site e-commerce PRESTASHOP\" srcset=\"https:\/\/www.prestaconnect.fr\/wp-content\/uploads\/2023\/07\/img-Catalogue-768x579.png 768w, https:\/\/www.prestaconnect.fr\/wp-content\/uploads\/2023\/07\/img-Catalogue-300x226.png 300w, https:\/\/www.prestaconnect.fr\/wp-content\/uploads\/2023\/07\/img-Catalogue-16x12.png 16w, https:\/\/www.prestaconnect.fr\/wp-content\/uploads\/2023\/07\/img-Catalogue.png 1004w\" sizes=\"(max-width: 768px) 100vw, 768px\" \/>\t\t\t\t\t\t\t\t\t\t\t\t\t\t\t<\/div>\n\t\t\t\t<\/div>\n\t\t\t\t\t<\/div>\n\t\t\t\t<\/div>\n\t\t\t\t<div class=\"elementor-element elementor-element-99c3112 elementor-widget elementor-widget-text-editor\" data-id=\"99c3112\" data-element_type=\"widget\" data-e-type=\"widget\" data-widget_type=\"text-editor.default\">\n\t\t\t\t<div class=\"elementor-widget-container\">\n\t\t\t\t\t\t\t\t\t<div class=\"group w-full text-gray-800 dark:text-gray-100 border-b border-black\/10 dark:border-gray-900\/50 bg-gray-50 dark:bg-[#444654]\"><div class=\"flex p-4 gap-4 text-base md:gap-6 md:max-w-2xl lg:max-w-[38rem] xl:max-w-3xl md:py-6 lg:px-0 m-auto\"><div class=\"relative flex w-[calc(100%-50px)] flex-col gap-1 md:gap-3 lg:w-[calc(100%-115px)]\"><div class=\"flex flex-grow flex-col gap-3\"><div class=\"min-h-[20px] flex items-start overflow-x-auto whitespace-pre-wrap break-words flex-col gap-4\"><div class=\"markdown prose w-full break-words dark:prose-invert light\"><p>Simplifiez la gestion de vos catalogues sur Prestashop avec Prestaconnect. Gr\u00e2ce \u00e0 cette solution efficace, vous serez capable de concevoir une arborescence appropri\u00e9e pour vos <a href=\"https:\/\/www.prestaconnect.fr\/fonctionnalites\/articles\/\">articles<\/a> et assurer une synchronisation rapide et sans effort. Gagnez du temps et optimisez votre exp\u00e9rience de gestion sur Prestashop gr\u00e2ce \u00e0 Prestaconnect.<\/p><\/div><\/div><\/div><\/div><\/div><\/div>\t\t\t\t\t\t\t\t<\/div>\n\t\t\t\t<\/div>\n\t\t\t\t<div class=\"elementor-element elementor-element-eaf9f7b elementor-align-center elementor-widget elementor-widget-button\" data-id=\"eaf9f7b\" data-element_type=\"widget\" data-e-type=\"widget\" data-widget_type=\"button.default\">\n\t\t\t\t<div class=\"elementor-widget-container\">\n\t\t\t\t\t\t\t\t\t<div class=\"elementor-button-wrapper\">\n\t\t\t\t\t<a class=\"elementor-button elementor-button-link elementor-size-lg\" href=\"https:\/\/www.prestaconnect.fr\/#contact-alternetis\">\n\t\t\t\t\t\t<span class=\"elementor-button-content-wrapper\">\n\t\t\t\t\t\t\t\t\t<span class=\"elementor-button-text\">Nous contacter<\/span>\n\t\t\t\t\t<\/span>\n\t\t\t\t\t<\/a>\n\t\t\t\t<\/div>\n\t\t\t\t\t\t\t\t<\/div>\n\t\t\t\t<\/div>\n\t\t\t\t<\/div>\n\t\t\t\t\t<\/div>\n\t\t\t\t<\/div>\n\t\t\t\t<\/div>\n\t\t","protected":false},"excerpt":{"rendered":"<p>Gestion des catalogues Prestashop simplifi\u00e9e &#8211; Prestaconnect Le connecteur Sage 100cloud &#8211; Prestashop : pour gagner du temps avec les catalogues synchronis\u00e9s Notre connecteur Prestaconnect vous permet de simplifier la gestion de vos catalogues sur Prestashop. Le logiciel vous fait gagner du temps gr\u00e2ce \u00e0 une synchronisation facile et rapide. Importation et int\u00e9gration simplifi\u00e9es Avec&hellip;&nbsp;<a href=\"https:\/\/www.prestaconnect.fr\/fr\/fonctionnalites\/catalogues\/\" class=\"\" rel=\"bookmark\">Lire la suite &raquo;<span class=\"screen-reader-text\">Catalogues<\/span><\/a><\/p>\n","protected":false},"author":2,"featured_media":0,"parent":1472,"menu_order":0,"comment_status":"closed","ping_status":"closed","template":"elementor_header_footer","meta":{"inline_featured_image":false,"_monsterinsights_skip_tracking":false,"_monsterinsights_sitenote_active":false,"_monsterinsights_sitenote_note":"","_monsterinsights_sitenote_category":0,"neve_meta_sidebar":"","neve_meta_container":"","neve_meta_enable_content_width":"","neve_meta_content_width":0,"neve_meta_title_alignment":"","neve_meta_author_avatar":"","neve_post_elements_order":"","neve_meta_disable_header":"","neve_meta_disable_footer":"","neve_meta_disable_title":"","footnotes":""},"class_list":["post-3032","page","type-page","status-publish","hentry"],"aioseo_notices":[],"_links":{"self":[{"href":"https:\/\/www.prestaconnect.fr\/fr\/wp-json\/wp\/v2\/pages\/3032","targetHints":{"allow":["GET"]}}],"collection":[{"href":"https:\/\/www.prestaconnect.fr\/fr\/wp-json\/wp\/v2\/pages"}],"about":[{"href":"https:\/\/www.prestaconnect.fr\/fr\/wp-json\/wp\/v2\/types\/page"}],"author":[{"embeddable":true,"href":"https:\/\/www.prestaconnect.fr\/fr\/wp-json\/wp\/v2\/users\/2"}],"replies":[{"embeddable":true,"href":"https:\/\/www.prestaconnect.fr\/fr\/wp-json\/wp\/v2\/comments?post=3032"}],"version-history":[{"count":57,"href":"https:\/\/www.prestaconnect.fr\/fr\/wp-json\/wp\/v2\/pages\/3032\/revisions"}],"predecessor-version":[{"id":4184,"href":"https:\/\/www.prestaconnect.fr\/fr\/wp-json\/wp\/v2\/pages\/3032\/revisions\/4184"}],"up":[{"embeddable":true,"href":"https:\/\/www.prestaconnect.fr\/fr\/wp-json\/wp\/v2\/pages\/1472"}],"wp:attachment":[{"href":"https:\/\/www.prestaconnect.fr\/fr\/wp-json\/wp\/v2\/media?parent=3032"}],"curies":[{"name":"wp","href":"https:\/\/api.w.org\/{rel}","templated":true}]}}