{"id":3044,"date":"2023-05-31T16:38:28","date_gmt":"2023-05-31T14:38:28","guid":{"rendered":"https:\/\/easy-logistic.fr\/?page_id=3044"},"modified":"2023-07-27T14:05:36","modified_gmt":"2023-07-27T12:05:36","slug":"articles","status":"publish","type":"page","link":"https:\/\/www.prestaconnect.fr\/en\/fonctionnalites\/articles\/","title":{"rendered":"Items"},"content":{"rendered":"\t\t<div data-elementor-type=\"wp-page\" data-elementor-id=\"3044\" class=\"elementor elementor-3044\" data-elementor-post-type=\"page\">\n\t\t\t\t<div class=\"elementor-element elementor-element-6c27fa47 e-con-full e-flex e-con e-parent\" data-id=\"6c27fa47\" data-element_type=\"container\" data-e-type=\"container\" data-settings=\"{&quot;background_background&quot;:&quot;classic&quot;}\">\n\t\t\t\t<div class=\"elementor-element elementor-element-4a9590e0 elementor-widget elementor-widget-image\" data-id=\"4a9590e0\" data-element_type=\"widget\" data-e-type=\"widget\" data-widget_type=\"image.default\">\n\t\t\t\t<div class=\"elementor-widget-container\">\n\t\t\t\t\t\t\t\t\t\t\t\t\t\t\t<img decoding=\"async\" src=\"https:\/\/www.prestaconnect.fr\/wp-content\/uploads\/elementor\/thumbs\/article-q9p2l8mewvm9olrbftb2t8bas5ccks9vmzjs0dsbq4.png\" title=\"article\" alt=\"article\" loading=\"lazy\" \/>\t\t\t\t\t\t\t\t\t\t\t\t\t\t\t<\/div>\n\t\t\t\t<\/div>\n\t\t\t\t<div class=\"elementor-element elementor-element-2b2b3ff7 elementor-widget elementor-widget-heading\" data-id=\"2b2b3ff7\" data-element_type=\"widget\" data-e-type=\"widget\" data-widget_type=\"heading.default\">\n\t\t\t\t<div class=\"elementor-widget-container\">\n\t\t\t\t\t<h1 class=\"elementor-heading-title elementor-size-default\">Synchronisez vos articles Sage 100c &amp; Prestashop avec Prestaconnect<\/h1>\t\t\t\t<\/div>\n\t\t\t\t<\/div>\n\t\t\t\t<\/div>\n\t\t<div class=\"elementor-element elementor-element-2663e540 e-flex e-con-boxed e-con e-parent\" data-id=\"2663e540\" data-element_type=\"container\" data-e-type=\"container\">\n\t\t\t\t\t<div class=\"e-con-inner\">\n\t\t<div class=\"elementor-element elementor-element-56c604db e-flex e-con-boxed e-con e-parent\" data-id=\"56c604db\" data-element_type=\"container\" data-e-type=\"container\">\n\t\t\t\t\t<div class=\"e-con-inner\">\n\t\t\t\t<div class=\"elementor-element elementor-element-43e854b0 elementor-widget elementor-widget-heading\" data-id=\"43e854b0\" data-element_type=\"widget\" data-e-type=\"widget\" data-widget_type=\"heading.default\">\n\t\t\t\t<div class=\"elementor-widget-container\">\n\t\t\t\t\t<h2 class=\"elementor-heading-title elementor-size-default\">Le connecteur <span class=\"sage\">Sage 100cloud<\/span> - Prestashop : Personnalisation et enrichissement des fiches articles<\/h2>\t\t\t\t<\/div>\n\t\t\t\t<\/div>\n\t\t\t\t\t<\/div>\n\t\t\t\t<\/div>\n\t\t<div class=\"elementor-element elementor-element-7da98f21 e-con-full e-flex e-con e-parent\" data-id=\"7da98f21\" data-element_type=\"container\" data-e-type=\"container\">\n\t\t\t\t<div class=\"elementor-element elementor-element-41593fa1 elementor-widget-divider--view-line elementor-widget elementor-widget-divider\" data-id=\"41593fa1\" data-element_type=\"widget\" data-e-type=\"widget\" data-widget_type=\"divider.default\">\n\t\t\t\t<div class=\"elementor-widget-container\">\n\t\t\t\t\t\t\t<div class=\"elementor-divider\">\n\t\t\t<span class=\"elementor-divider-separator\">\n\t\t\t\t\t\t<\/span>\n\t\t<\/div>\n\t\t\t\t\t\t<\/div>\n\t\t\t\t<\/div>\n\t\t\t\t<\/div>\n\t\t\t\t\t<\/div>\n\t\t\t\t<\/div>\n\t\t<div class=\"elementor-element elementor-element-5e460701 e-flex e-con-boxed e-con e-parent\" data-id=\"5e460701\" data-element_type=\"container\" data-e-type=\"container\">\n\t\t\t\t\t<div class=\"e-con-inner\">\n\t\t<div class=\"elementor-element elementor-element-643e6a92 e-con-full e-flex e-con e-parent\" data-id=\"643e6a92\" data-element_type=\"container\" data-e-type=\"container\">\n\t\t\t\t<div class=\"elementor-element elementor-element-4c384f61 elementor-widget elementor-widget-text-editor\" data-id=\"4c384f61\" data-element_type=\"widget\" data-e-type=\"widget\" data-widget_type=\"text-editor.default\">\n\t\t\t\t<div class=\"elementor-widget-container\">\n\t\t\t\t\t\t\t\t\t<p>Avec Prestaconnect, facilitez la gestion de vos articles en synchronisant leurs caract\u00e9ristiques, descriptions, stocks et prix depuis votre base de donn\u00e9es Sage vers votre site Prestashop en quelques clics seulement.<\/p>\t\t\t\t\t\t\t\t<\/div>\n\t\t\t\t<\/div>\n\t\t\t\t<div class=\"elementor-element elementor-element-d47bc2d elementor-widget elementor-widget-image\" data-id=\"d47bc2d\" data-element_type=\"widget\" data-e-type=\"widget\" data-widget_type=\"image.default\">\n\t\t\t\t<div class=\"elementor-widget-container\">\n\t\t\t\t\t\t\t\t\t\t\t\t\t\t\t<img fetchpriority=\"high\" decoding=\"async\" width=\"768\" height=\"512\" src=\"https:\/\/www.prestaconnect.fr\/wp-content\/uploads\/2023\/07\/Illustration-5-768x512.png\" class=\"attachment-medium_large size-medium_large wp-image-4058\" alt=\"\" srcset=\"https:\/\/www.prestaconnect.fr\/wp-content\/uploads\/2023\/07\/Illustration-5-768x512.png 768w, https:\/\/www.prestaconnect.fr\/wp-content\/uploads\/2023\/07\/Illustration-5-300x200.png 300w, https:\/\/www.prestaconnect.fr\/wp-content\/uploads\/2023\/07\/Illustration-5-1024x683.png 1024w, https:\/\/www.prestaconnect.fr\/wp-content\/uploads\/2023\/07\/Illustration-5-1536x1024.png 1536w, https:\/\/www.prestaconnect.fr\/wp-content\/uploads\/2023\/07\/Illustration-5-2048x1365.png 2048w, https:\/\/www.prestaconnect.fr\/wp-content\/uploads\/2023\/07\/Illustration-5-18x12.png 18w, https:\/\/www.prestaconnect.fr\/wp-content\/uploads\/2023\/07\/Illustration-5-930x620.png 930w\" sizes=\"(max-width: 768px) 100vw, 768px\" \/>\t\t\t\t\t\t\t\t\t\t\t\t\t\t\t<\/div>\n\t\t\t\t<\/div>\n\t\t\t\t<div class=\"elementor-element elementor-element-6504f0f elementor-widget elementor-widget-heading\" data-id=\"6504f0f\" data-element_type=\"widget\" data-e-type=\"widget\" data-widget_type=\"heading.default\">\n\t\t\t\t<div class=\"elementor-widget-container\">\n\t\t\t\t\t<h3 class=\"elementor-heading-title elementor-size-default\">Importation rapide et efficace<\/h3>\t\t\t\t<\/div>\n\t\t\t\t<\/div>\n\t\t\t\t<div class=\"elementor-element elementor-element-4b9dffd elementor-widget elementor-widget-text-editor\" data-id=\"4b9dffd\" data-element_type=\"widget\" data-e-type=\"widget\" data-widget_type=\"text-editor.default\">\n\t\t\t\t<div class=\"elementor-widget-container\">\n\t\t\t\t\t\t\t\t\t<p>Gr\u00e2ce \u00e0 l&rsquo;\u00e9cran d&rsquo;import de Prestaconnect, ajoutez ais\u00e9ment tous les articles que vous souhaitez afficher sur votre site. Organisez-les dans les catalogues correspondants en toute simplicit\u00e9. De plus, si un article existe d\u00e9j\u00e0 sur votre site, Prestaconnect vous permet de le relier instantan\u00e9ment \u00e0 son \u00e9quivalent dans Sage.<\/p>\t\t\t\t\t\t\t\t<\/div>\n\t\t\t\t<\/div>\n\t\t\t\t<div class=\"elementor-element elementor-element-57e6c9e elementor-widget elementor-widget-image\" data-id=\"57e6c9e\" data-element_type=\"widget\" data-e-type=\"widget\" data-widget_type=\"image.default\">\n\t\t\t\t<div class=\"elementor-widget-container\">\n\t\t\t\t\t\t\t\t\t\t\t\t\t\t\t<img decoding=\"async\" width=\"768\" height=\"579\" src=\"https:\/\/www.prestaconnect.fr\/wp-content\/uploads\/2023\/07\/img-Import-768x579.png\" class=\"attachment-medium_large size-medium_large wp-image-3732\" alt=\"Prestaconnect : Connecteur pour automatiser les \u00e9changes dans le logiciel de gestion commerciale SAGE et le site e-commerce PRESTASHOP\" srcset=\"https:\/\/www.prestaconnect.fr\/wp-content\/uploads\/2023\/07\/img-Import-768x579.png 768w, https:\/\/www.prestaconnect.fr\/wp-content\/uploads\/2023\/07\/img-Import-300x226.png 300w, https:\/\/www.prestaconnect.fr\/wp-content\/uploads\/2023\/07\/img-Import-16x12.png 16w, https:\/\/www.prestaconnect.fr\/wp-content\/uploads\/2023\/07\/img-Import.png 1004w\" sizes=\"(max-width: 768px) 100vw, 768px\" \/>\t\t\t\t\t\t\t\t\t\t\t\t\t\t\t<\/div>\n\t\t\t\t<\/div>\n\t\t<div class=\"elementor-element elementor-element-885d218 e-flex e-con-boxed e-con e-parent\" data-id=\"885d218\" data-element_type=\"container\" data-e-type=\"container\">\n\t\t\t\t\t<div class=\"e-con-inner\">\n\t\t<div class=\"elementor-element elementor-element-4d06009 e-flex e-con-boxed e-con e-parent\" data-id=\"4d06009\" data-element_type=\"container\" data-e-type=\"container\">\n\t\t\t\t\t<div class=\"e-con-inner\">\n\t\t\t\t<div class=\"elementor-element elementor-element-42ce217 elementor-widget elementor-widget-heading\" data-id=\"42ce217\" data-element_type=\"widget\" data-e-type=\"widget\" data-widget_type=\"heading.default\">\n\t\t\t\t<div class=\"elementor-widget-container\">\n\t\t\t\t\t<h3 class=\"elementor-heading-title elementor-size-default\">Mise \u00e0 jour en un clic\n<\/h3>\t\t\t\t<\/div>\n\t\t\t\t<\/div>\n\t\t\t\t<div class=\"elementor-element elementor-element-1c85bcc elementor-widget__width-initial elementor-widget elementor-widget-text-editor\" data-id=\"1c85bcc\" data-element_type=\"widget\" data-e-type=\"widget\" data-widget_type=\"text-editor.default\">\n\t\t\t\t<div class=\"elementor-widget-container\">\n\t\t\t\t\t\t\t\t\t<p>Prestaconnect vous offre la possibilit\u00e9 d&rsquo;int\u00e9grer facilement les articles import\u00e9s dans votre site e-commerce. Gagnez un temps pr\u00e9cieux en mettant \u00e0 jour vos produits, leurs stocks et leurs prix. Vous souhaitez transposer les prix et les stocks de Sage vers Prestashop ? Effectuez ces mises \u00e0 jour en un seul bouton.<\/p>\t\t\t\t\t\t\t\t<\/div>\n\t\t\t\t<\/div>\n\t\t\t\t\t<\/div>\n\t\t\t\t<\/div>\n\t\t\t\t<div class=\"elementor-element elementor-element-e63303f elementor-widget elementor-widget-image\" data-id=\"e63303f\" data-element_type=\"widget\" data-e-type=\"widget\" data-widget_type=\"image.default\">\n\t\t\t\t<div class=\"elementor-widget-container\">\n\t\t\t\t\t\t\t\t\t\t\t\t\t\t\t<img decoding=\"async\" width=\"768\" height=\"579\" src=\"https:\/\/www.prestaconnect.fr\/wp-content\/uploads\/2023\/07\/img-Liste-articles-768x579.png\" class=\"attachment-medium_large size-medium_large wp-image-3745\" alt=\"Prestaconnect : Connecteur pour automatiser les \u00e9changes dans le logiciel de gestion commerciale SAGE et le site e-commerce PRESTASHOP\" srcset=\"https:\/\/www.prestaconnect.fr\/wp-content\/uploads\/2023\/07\/img-Liste-articles-768x579.png 768w, https:\/\/www.prestaconnect.fr\/wp-content\/uploads\/2023\/07\/img-Liste-articles-300x226.png 300w, https:\/\/www.prestaconnect.fr\/wp-content\/uploads\/2023\/07\/img-Liste-articles-16x12.png 16w, https:\/\/www.prestaconnect.fr\/wp-content\/uploads\/2023\/07\/img-Liste-articles.png 1003w\" sizes=\"(max-width: 768px) 100vw, 768px\" \/>\t\t\t\t\t\t\t\t\t\t\t\t\t\t\t<\/div>\n\t\t\t\t<\/div>\n\t\t\t\t\t<\/div>\n\t\t\t\t<\/div>\n\t\t<div class=\"elementor-element elementor-element-5a3dbc8 e-flex e-con-boxed e-con e-parent\" data-id=\"5a3dbc8\" data-element_type=\"container\" data-e-type=\"container\">\n\t\t\t\t\t<div class=\"e-con-inner\">\n\t\t\t\t<div class=\"elementor-element elementor-element-de46b1b elementor-widget__width-initial elementor-widget elementor-widget-image\" data-id=\"de46b1b\" data-element_type=\"widget\" data-e-type=\"widget\" data-widget_type=\"image.default\">\n\t\t\t\t<div class=\"elementor-widget-container\">\n\t\t\t\t\t\t\t\t\t\t\t\t\t\t\t<img loading=\"lazy\" decoding=\"async\" width=\"768\" height=\"579\" src=\"https:\/\/www.prestaconnect.fr\/wp-content\/uploads\/2023\/07\/img-Article-768x579.png\" class=\"attachment-medium_large size-medium_large wp-image-3744\" alt=\"Prestaconnect : Connecteur pour automatiser les \u00e9changes dans le logiciel de gestion commerciale SAGE et le site e-commerce PRESTASHOP\" srcset=\"https:\/\/www.prestaconnect.fr\/wp-content\/uploads\/2023\/07\/img-Article-768x579.png 768w, https:\/\/www.prestaconnect.fr\/wp-content\/uploads\/2023\/07\/img-Article-300x226.png 300w, https:\/\/www.prestaconnect.fr\/wp-content\/uploads\/2023\/07\/img-Article-16x12.png 16w, https:\/\/www.prestaconnect.fr\/wp-content\/uploads\/2023\/07\/img-Article.png 1004w\" sizes=\"(max-width: 768px) 100vw, 768px\" \/>\t\t\t\t\t\t\t\t\t\t\t\t\t\t\t<\/div>\n\t\t\t\t<\/div>\n\t\t<div class=\"elementor-element elementor-element-a9a882f e-flex e-con-boxed e-con e-parent\" data-id=\"a9a882f\" data-element_type=\"container\" data-e-type=\"container\">\n\t\t\t\t\t<div class=\"e-con-inner\">\n\t\t\t\t<div class=\"elementor-element elementor-element-f3c4cb9 elementor-widget elementor-widget-heading\" data-id=\"f3c4cb9\" data-element_type=\"widget\" data-e-type=\"widget\" data-widget_type=\"heading.default\">\n\t\t\t\t<div class=\"elementor-widget-container\">\n\t\t\t\t\t<h3 class=\"elementor-heading-title elementor-size-default\">Personnalisation sur mesure\n<\/h3>\t\t\t\t<\/div>\n\t\t\t\t<\/div>\n\t\t\t\t<div class=\"elementor-element elementor-element-67b9387 elementor-widget__width-initial elementor-widget elementor-widget-text-editor\" data-id=\"67b9387\" data-element_type=\"widget\" data-e-type=\"widget\" data-widget_type=\"text-editor.default\">\n\t\t\t\t<div class=\"elementor-widget-container\">\n\t\t\t\t\t\t\t\t\t<p>Chaque article compte ! Depuis un menu convivial, personnalisez vos fiches articles comme bon vous semble, en modifiant leurs noms, leurs caract\u00e9ristiques et en les r\u00e9assignant \u00e0 d&rsquo;autres cat\u00e9gories. Ajoutez des images et des documents pour enrichir leurs fiches d&rsquo;articles sur Prestashop.<\/p>\t\t\t\t\t\t\t\t<\/div>\n\t\t\t\t<\/div>\n\t\t\t\t\t<\/div>\n\t\t\t\t<\/div>\n\t\t\t\t\t<\/div>\n\t\t\t\t<\/div>\n\t\t\t\t<div class=\"elementor-element elementor-element-3096680 elementor-widget elementor-widget-heading\" data-id=\"3096680\" data-element_type=\"widget\" data-e-type=\"widget\" data-widget_type=\"heading.default\">\n\t\t\t\t<div class=\"elementor-widget-container\">\n\t\t\t\t\t<h3 class=\"elementor-heading-title elementor-size-default\">Gestion fluide des gammes et conditionnements\n<\/h3>\t\t\t\t<\/div>\n\t\t\t\t<\/div>\n\t\t\t\t<div class=\"elementor-element elementor-element-ba6887f elementor-widget elementor-widget-text-editor\" data-id=\"ba6887f\" data-element_type=\"widget\" data-e-type=\"widget\" data-widget_type=\"text-editor.default\">\n\t\t\t\t<div class=\"elementor-widget-container\">\n\t\t\t\t\t\t\t\t\t<p>Avec Prestaconnect, simplifiez la gestion de vos gammes et conditionnements d&rsquo;articles dans Sage. Notre connecteur les int\u00e8gre automatiquement comme des d\u00e9clinaisons dans Prestashop. Ainsi, offrez \u00e0 vos clients plus de choix et de flexibilit\u00e9 dans leurs achats.<\/p>\t\t\t\t\t\t\t\t<\/div>\n\t\t\t\t<\/div>\n\t\t\t\t<div class=\"elementor-element elementor-element-6c971bc elementor-widget elementor-widget-image\" data-id=\"6c971bc\" data-element_type=\"widget\" data-e-type=\"widget\" data-widget_type=\"image.default\">\n\t\t\t\t<div class=\"elementor-widget-container\">\n\t\t\t\t\t\t\t\t\t\t\t\t\t\t\t<img loading=\"lazy\" decoding=\"async\" width=\"768\" height=\"580\" src=\"https:\/\/www.prestaconnect.fr\/wp-content\/uploads\/2023\/07\/img-Article-2-768x580.png\" class=\"attachment-medium_large size-medium_large wp-image-3742\" alt=\"Prestaconnect : Connecteur pour automatiser les \u00e9changes dans le logiciel de gestion commerciale SAGE et le site e-commerce PRESTASHOP\" srcset=\"https:\/\/www.prestaconnect.fr\/wp-content\/uploads\/2023\/07\/img-Article-2-768x580.png 768w, https:\/\/www.prestaconnect.fr\/wp-content\/uploads\/2023\/07\/img-Article-2-300x226.png 300w, https:\/\/www.prestaconnect.fr\/wp-content\/uploads\/2023\/07\/img-Article-2-16x12.png 16w, https:\/\/www.prestaconnect.fr\/wp-content\/uploads\/2023\/07\/img-Article-2.png 1003w\" sizes=\"(max-width: 768px) 100vw, 768px\" \/>\t\t\t\t\t\t\t\t\t\t\t\t\t\t\t<\/div>\n\t\t\t\t<\/div>\n\t\t<div class=\"elementor-element elementor-element-08f0f44 e-flex e-con-boxed e-con e-parent\" data-id=\"08f0f44\" data-element_type=\"container\" data-e-type=\"container\">\n\t\t\t\t\t<div class=\"e-con-inner\">\n\t\t<div class=\"elementor-element elementor-element-bed4e3a e-flex e-con-boxed e-con e-parent\" data-id=\"bed4e3a\" data-element_type=\"container\" data-e-type=\"container\">\n\t\t\t\t\t<div class=\"e-con-inner\">\n\t\t\t\t<div class=\"elementor-element elementor-element-a3940dc elementor-widget elementor-widget-heading\" data-id=\"a3940dc\" data-element_type=\"widget\" data-e-type=\"widget\" data-widget_type=\"heading.default\">\n\t\t\t\t<div class=\"elementor-widget-container\">\n\t\t\t\t\t<h3 class=\"elementor-heading-title elementor-size-default\">Articles de composition en un clin d'\u0153il<\/h3>\t\t\t\t<\/div>\n\t\t\t\t<\/div>\n\t\t\t\t<div class=\"elementor-element elementor-element-5cdd9c8 elementor-widget__width-initial elementor-widget elementor-widget-text-editor\" data-id=\"5cdd9c8\" data-element_type=\"widget\" data-e-type=\"widget\" data-widget_type=\"text-editor.default\">\n\t\t\t\t<div class=\"elementor-widget-container\">\n\t\t\t\t\t\t\t\t\t<p>Vous souhaitez que vos articles dans Sage deviennent des d\u00e9clinaisons sur Prestashop ? C&rsquo;est un jeu d&rsquo;enfant avec Prestaconnect. Notre fonctionnalit\u00e9 d&rsquo;articles de composition se charge de les transformer selon vos besoins.<\/p>\t\t\t\t\t\t\t\t<\/div>\n\t\t\t\t<\/div>\n\t\t\t\t\t<\/div>\n\t\t\t\t<\/div>\n\t\t\t\t<div class=\"elementor-element elementor-element-bc53147 elementor-widget elementor-widget-image\" data-id=\"bc53147\" data-element_type=\"widget\" data-e-type=\"widget\" data-widget_type=\"image.default\">\n\t\t\t\t<div class=\"elementor-widget-container\">\n\t\t\t\t\t\t\t\t\t\t\t\t\t\t\t<img loading=\"lazy\" decoding=\"async\" width=\"1009\" height=\"761\" src=\"https:\/\/www.prestaconnect.fr\/wp-content\/uploads\/2023\/07\/Article-3.png\" class=\"attachment-large size-large wp-image-3888\" alt=\"Prestaconnect : Connecteur pour automatiser les \u00e9changes dans le logiciel de gestion commerciale SAGE et le site e-commerce PRESTASHOP\" srcset=\"https:\/\/www.prestaconnect.fr\/wp-content\/uploads\/2023\/07\/Article-3.png 1009w, https:\/\/www.prestaconnect.fr\/wp-content\/uploads\/2023\/07\/Article-3-300x226.png 300w, https:\/\/www.prestaconnect.fr\/wp-content\/uploads\/2023\/07\/Article-3-768x579.png 768w, https:\/\/www.prestaconnect.fr\/wp-content\/uploads\/2023\/07\/Article-3-16x12.png 16w\" sizes=\"(max-width: 1009px) 100vw, 1009px\" \/>\t\t\t\t\t\t\t\t\t\t\t\t\t\t\t<\/div>\n\t\t\t\t<\/div>\n\t\t\t\t\t<\/div>\n\t\t\t\t<\/div>\n\t\t\t\t<div class=\"elementor-element elementor-element-ac1705f elementor-widget elementor-widget-text-editor\" data-id=\"ac1705f\" data-element_type=\"widget\" data-e-type=\"widget\" data-widget_type=\"text-editor.default\">\n\t\t\t\t<div class=\"elementor-widget-container\">\n\t\t\t\t\t\t\t\t\t<div class=\"group w-full text-gray-800 dark:text-gray-100 border-b border-black\/10 dark:border-gray-900\/50 bg-gray-50 dark:bg-[#444654]\"><div class=\"flex p-4 gap-4 text-base md:gap-6 md:max-w-2xl lg:max-w-[38rem] xl:max-w-3xl md:py-6 lg:px-0 m-auto\"><div class=\"relative flex w-[calc(100%-50px)] flex-col gap-1 md:gap-3 lg:w-[calc(100%-115px)]\"><div class=\"flex flex-grow flex-col gap-3\"><div class=\"min-h-[20px] flex items-start overflow-x-auto whitespace-pre-wrap break-words flex-col gap-4\"><div class=\"markdown prose w-full break-words dark:prose-invert light\"><p>Dites adieu aux t\u00e2ches r\u00e9p\u00e9titives et aux doublons en choisissant Prestaconnect pour votre gestion produit. Simplifiez vos op\u00e9rations, garantissez la coh\u00e9rence de vos informations et offrez \u00e0 vos clients une exp\u00e9rience de shopping fluide et optimale.<\/p><\/div><\/div><\/div><\/div><\/div><\/div>\t\t\t\t\t\t\t\t<\/div>\n\t\t\t\t<\/div>\n\t\t\t\t<div class=\"elementor-element elementor-element-e5a69b5 elementor-align-center elementor-widget elementor-widget-button\" data-id=\"e5a69b5\" data-element_type=\"widget\" data-e-type=\"widget\" data-widget_type=\"button.default\">\n\t\t\t\t<div class=\"elementor-widget-container\">\n\t\t\t\t\t\t\t\t\t<div class=\"elementor-button-wrapper\">\n\t\t\t\t\t<a class=\"elementor-button elementor-button-link elementor-size-lg\" href=\"https:\/\/www.prestaconnect.fr\/#contact-alternetis\">\n\t\t\t\t\t\t<span class=\"elementor-button-content-wrapper\">\n\t\t\t\t\t\t\t\t\t<span class=\"elementor-button-text\">Nous contacter<\/span>\n\t\t\t\t\t<\/span>\n\t\t\t\t\t<\/a>\n\t\t\t\t<\/div>\n\t\t\t\t\t\t\t\t<\/div>\n\t\t\t\t<\/div>\n\t\t\t\t<\/div>\n\t\t\t\t\t<\/div>\n\t\t\t\t<\/div>\n\t\t\t\t<\/div>\n\t\t","protected":false},"excerpt":{"rendered":"<p>Synchronisez vos articles Sage 100c &#038; Prestashop avec Prestaconnect Le connecteur Sage 100cloud &#8211; Prestashop : Personnalisation et enrichissement des fiches articles Avec Prestaconnect, facilitez la gestion de vos articles en synchronisant leurs caract\u00e9ristiques, descriptions, stocks et prix depuis votre base de donn\u00e9es Sage vers votre site Prestashop en quelques clics seulement. Importation rapide et&hellip;&nbsp;<a href=\"https:\/\/www.prestaconnect.fr\/en\/fonctionnalites\/articles\/\" class=\"\" rel=\"bookmark\">Read More &raquo;<span class=\"screen-reader-text\">Items<\/span><\/a><\/p>","protected":false},"author":2,"featured_media":0,"parent":1472,"menu_order":0,"comment_status":"closed","ping_status":"closed","template":"elementor_header_footer","meta":{"inline_featured_image":false,"_monsterinsights_skip_tracking":false,"_monsterinsights_sitenote_active":false,"_monsterinsights_sitenote_note":"","_monsterinsights_sitenote_category":0,"neve_meta_sidebar":"","neve_meta_container":"","neve_meta_enable_content_width":"","neve_meta_content_width":0,"neve_meta_title_alignment":"","neve_meta_author_avatar":"","neve_post_elements_order":"","neve_meta_disable_header":"","neve_meta_disable_footer":"","neve_meta_disable_title":"","footnotes":""},"class_list":["post-3044","page","type-page","status-publish","hentry"],"aioseo_notices":[],"_links":{"self":[{"href":"https:\/\/www.prestaconnect.fr\/en\/wp-json\/wp\/v2\/pages\/3044","targetHints":{"allow":["GET"]}}],"collection":[{"href":"https:\/\/www.prestaconnect.fr\/en\/wp-json\/wp\/v2\/pages"}],"about":[{"href":"https:\/\/www.prestaconnect.fr\/en\/wp-json\/wp\/v2\/types\/page"}],"author":[{"embeddable":true,"href":"https:\/\/www.prestaconnect.fr\/en\/wp-json\/wp\/v2\/users\/2"}],"replies":[{"embeddable":true,"href":"https:\/\/www.prestaconnect.fr\/en\/wp-json\/wp\/v2\/comments?post=3044"}],"version-history":[{"count":74,"href":"https:\/\/www.prestaconnect.fr\/en\/wp-json\/wp\/v2\/pages\/3044\/revisions"}],"predecessor-version":[{"id":4073,"href":"https:\/\/www.prestaconnect.fr\/en\/wp-json\/wp\/v2\/pages\/3044\/revisions\/4073"}],"up":[{"embeddable":true,"href":"https:\/\/www.prestaconnect.fr\/en\/wp-json\/wp\/v2\/pages\/1472"}],"wp:attachment":[{"href":"https:\/\/www.prestaconnect.fr\/en\/wp-json\/wp\/v2\/media?parent=3044"}],"curies":[{"name":"wp","href":"https:\/\/api.w.org\/{rel}","templated":true}]}}