{"id":2612,"date":"2023-05-26T11:24:20","date_gmt":"2023-05-26T09:24:20","guid":{"rendered":"https:\/\/easy-logistic.fr\/?page_id=2612"},"modified":"2023-06-12T15:55:46","modified_gmt":"2023-06-12T13:55:46","slug":"mentions-legales","status":"publish","type":"page","link":"https:\/\/www.prestaconnect.fr\/en\/mentions-legales\/","title":{"rendered":"Mentions l\u00e9gales"},"content":{"rendered":"<div data-elementor-type=\"wp-page\" data-elementor-id=\"2612\" class=\"elementor elementor-2612\" data-elementor-post-type=\"page\">\n\t\t\t\t<div class=\"elementor-element elementor-element-025bca5 e-flex e-con-boxed e-con e-parent\" data-id=\"025bca5\" data-element_type=\"container\" data-e-type=\"container\">\n\t\t\t\t\t<div class=\"e-con-inner\">\n\t\t\t\t<div class=\"elementor-element elementor-element-ea44cd9 elementor-widget elementor-widget-text-editor\" data-id=\"ea44cd9\" data-element_type=\"widget\" data-e-type=\"widget\" data-widget_type=\"text-editor.default\">\n\t\t\t\t<div class=\"elementor-widget-container\">\n\t\t\t\t\t\t\t\t\t<h1>Mentions l\u00e9gales<\/h1><p>Conform\u00e9ment aux dispositions de la loi n\u00b0 2004-575 du 21 juin 2004 pour la confiance en l\u2019\u00e9conomie num\u00e9rique, il est pr\u00e9cis\u00e9 aux utilisateurs du site Prestaconnect l\u2019identit\u00e9 des diff\u00e9rents intervenants dans le cadre de sa r\u00e9alisation et de son suivi.<\/p><h1><strong>Edition du site<\/strong><\/h1><p>Le pr\u00e9sent site, accessible \u00e0 l\u2019URL <a href=\"https:\/\/www.prestaconnect.fr\/en\/\">https:\/\/www.prestaconnect.fr\/<\/a> (le \u00ab Site \u00bb), est \u00e9dit\u00e9 par :<\/p><p>Alternetis, inscrite au R.C.S. de POITIERS sous le num\u00e9ro RCS Poitiers B 511 831 083, dont le si\u00e8ge social est situ\u00e9 au 42 chemin de M\u00e9zeau 86000 Poitiers, repr\u00e9sent\u00e9(e) par Julien Martin d\u00fbment habilit\u00e9(e)<\/p><p>Le num\u00e9ro individuel TVA de l\u2019\u00e9diteur est : FR 42 511831083.<\/p><h1><strong>H\u00e9bergement<\/strong><\/h1><p>Le Site est h\u00e9berg\u00e9 par la soci\u00e9t\u00e9 OVH SAS, situ\u00e9 2 rue Kellermann \u2013 BP 80157 \u2013 59053 Roubaix Cedex 1, (contact t\u00e9l\u00e9phonique ou email : 1007).<\/p><h1><strong>Directeur de publication<\/strong><\/h1><p>Le Directeur de la publication du Site est Julien Martin.<\/p><h1><strong>Contact us<\/strong><\/h1><p>Par t\u00e9l\u00e9phone : +33547747530<\/p><p>Par email : <a href=\"mailto:l-martin@systeos.fr\">l-martin@systeos.fr<\/a><\/p><p>Par courrier : 42 chemin de M\u00e9zeau 86000 Poitiers<\/p><h1><strong>Donn\u00e9es personnelles<\/strong><\/h1><p>Le traitement de vos donn\u00e9es \u00e0 caract\u00e8re personnel est r\u00e9gi par notre Charte du respect de la vie priv\u00e9e, disponible depuis la section \u00ab\u00a0Charte de Protection des Donn\u00e9es Personnelles\u00a0\u00bb, conform\u00e9ment au R\u00e8glement G\u00e9n\u00e9ral sur la Protection des Donn\u00e9es 2016\/679 du 27 avril 2016 (\u00abRGPD\u00bb).<\/p>\t\t\t\t\t\t\t\t<\/div>\n\t\t\t\t<\/div>\n\t\t\t\t\t<\/div>\n\t\t\t\t<\/div>\n\t\t\t\t<\/div>","protected":false},"excerpt":{"rendered":"<p>Mentions l\u00e9gales Conform\u00e9ment aux dispositions de la loi n\u00b0 2004-575 du 21 juin 2004 pour la confiance en l\u2019\u00e9conomie num\u00e9rique, il est pr\u00e9cis\u00e9 aux utilisateurs du site Prestaconnect l\u2019identit\u00e9 des diff\u00e9rents intervenants dans le cadre de sa r\u00e9alisation et de son suivi. Edition du site Le pr\u00e9sent site, accessible \u00e0 l\u2019URL https:\/\/dev.prestaconnect.fr\/ (le \u00ab Site&hellip;&nbsp;<a href=\"https:\/\/www.prestaconnect.fr\/en\/mentions-legales\/\" class=\"\" rel=\"bookmark\">Read More &raquo;<span class=\"screen-reader-text\">Mentions l\u00e9gales<\/span><\/a><\/p>","protected":false},"author":2,"featured_media":0,"parent":0,"menu_order":0,"comment_status":"closed","ping_status":"closed","template":"elementor_header_footer","meta":{"inline_featured_image":false,"_monsterinsights_skip_tracking":false,"_monsterinsights_sitenote_active":false,"_monsterinsights_sitenote_note":"","_monsterinsights_sitenote_category":0,"neve_meta_sidebar":"","neve_meta_container":"","neve_meta_enable_content_width":"","neve_meta_content_width":0,"neve_meta_title_alignment":"","neve_meta_author_avatar":"","neve_post_elements_order":"","neve_meta_disable_header":"","neve_meta_disable_footer":"","neve_meta_disable_title":"","footnotes":""},"class_list":["post-2612","page","type-page","status-publish","hentry"],"aioseo_notices":[],"_links":{"self":[{"href":"https:\/\/www.prestaconnect.fr\/en\/wp-json\/wp\/v2\/pages\/2612","targetHints":{"allow":["GET"]}}],"collection":[{"href":"https:\/\/www.prestaconnect.fr\/en\/wp-json\/wp\/v2\/pages"}],"about":[{"href":"https:\/\/www.prestaconnect.fr\/en\/wp-json\/wp\/v2\/types\/page"}],"author":[{"embeddable":true,"href":"https:\/\/www.prestaconnect.fr\/en\/wp-json\/wp\/v2\/users\/2"}],"replies":[{"embeddable":true,"href":"https:\/\/www.prestaconnect.fr\/en\/wp-json\/wp\/v2\/comments?post=2612"}],"version-history":[{"count":22,"href":"https:\/\/www.prestaconnect.fr\/en\/wp-json\/wp\/v2\/pages\/2612\/revisions"}],"predecessor-version":[{"id":3475,"href":"https:\/\/www.prestaconnect.fr\/en\/wp-json\/wp\/v2\/pages\/2612\/revisions\/3475"}],"wp:attachment":[{"href":"https:\/\/www.prestaconnect.fr\/en\/wp-json\/wp\/v2\/media?parent=2612"}],"curies":[{"name":"wp","href":"https:\/\/api.w.org\/{rel}","templated":true}]}}